{"id":11275,"date":"2023-03-17T15:15:38","date_gmt":"2023-03-17T14:15:38","guid":{"rendered":"https:\/\/api-k.com\/mapik\/"},"modified":"2023-08-16T09:18:26","modified_gmt":"2023-08-16T07:18:26","slug":"mapik","status":"publish","type":"page","link":"https:\/\/api-k.com\/en\/mapik\/","title":{"rendered":"MAPIK"},"content":{"rendered":"\n<div id='block_8e50d929c0bcea17c7313c803e9c0389' class='multi-contents-block full-width acf-k-ip-grande-image-avec-cercles-de-contenu anchor-target alignfull '>\n\t<div class=\"multi-contents-wrapper multi-contents-circles-wrapper\" style=\"background-image:url(https:\/\/api-k.com\/wp-content\/uploads\/2023\/03\/Header-mapik-desktop-2.png) \">\n\t\t<div class=\"multi-contents-content container\">\n\t\t\t<div class=\"multi-content-infos\">\n\t\t\t\t\t\t\t\t\t\t<div class=\"multi-content-title\" style=\"text-shadow: 1px 1px 7px rgba(0,0,0,0.51)\"><h1><span style=\"color: #fbfdff\"><strong>MAPIK<\/strong><\/span><\/h1>\n<p><span class=\"bigtext\" style=\"color: #fbfdff\">The simple and free<br \/>\noffline outdoor<br \/>\ncartography application<\/span><\/p>\n\t\t\t\t\t\t<\/div>\n\t\t\t\t\t\t\n\t\t\t\t\t\t<div class=\"multi-content-text\" style=\"text-shadow: 1px 1px 7px rgba(0,0,0,0.66)\"><p><span class=\"mediumtext\" style=\"color: #ffffff\">Available on Android et iOS<\/span><\/p>\n\t\t\t\t\t\t<\/div>\n\n\t\t\t\t\t\t\n\t\t\t\t\t\t\t\t\t<a href=\"https:\/\/api-k.com\/link-mapik-app-redirect\/\" target=\"\" class=\"multi-content-button\" style=\"background-color: #0077a0; color: #ffffff\">\n\t\t\t\t\t\tDOWNLOAD\t\t\t\t\t\t\t\t\t\t\t<\/a>\n\t\t\t\t\t\t\t<\/div>\n\t\t\t\t\t<\/div>\n\t<\/div>\n\t<div class=\"multi-contents-wrapper multi-contents-circles-wrapper multi-contents-circles-wrapper-mobile\" style=\"background-image:url(https:\/\/api-k.com\/wp-content\/uploads\/2023\/03\/Header-mapik-mobile-1.png) \">\n\t\t<div class=\"multi-contents-content container\">\n\t\t\t<div class=\"multi-content-infos\">\n\t\t\t\t\t\t\t\t\t\t<div class=\"multi-content-title\" style=\"text-shadow: 1px 1px 7px rgba(0,0,0,0.51)\"><h1><span style=\"color: #fbfdff\"><strong>MAPIK<\/strong><\/span><\/h1>\n<p><span class=\"bigtext\" style=\"color: #fbfdff\">The simple and free<br \/>\noffline outdoor<br \/>\ncartography application<\/span><\/p>\n\t\t\t\t\t\t<\/div>\n\t\t\t\t\t\t\n\t\t\t\t\t\t<div class=\"multi-content-text\" style=\"text-shadow: 1px 1px 7px rgba(0,0,0,0.66)\"><p><span class=\"mediumtext\" style=\"color: #ffffff\">Available on Android et iOS<\/span><\/p>\n\t\t\t\t\t\t<\/div>\n\n\t\t\t\t\t\t\n\t\t\t\t\t\t\t\t\t<a href=\"https:\/\/api-k.com\/link-mapik-app-redirect\/\" target=\"\" class=\"multi-content-button\" style=\"background-color: #0077a0; color: #ffffff\">\n\t\t\t\t\t\tDOWNLOAD\t\t\t\t\t\t\t\t\t\t\t<\/a>\n\t\t\t\t\t\t\t<\/div>\n\t\t\t\t\t<\/div>\n\t<\/div>\n\t<\/div>\n<section id='block_7db0b8ea590e731559991f1f03ea8939' class='k-ip-section-content-block acf-k-ip-section-de-contenu anchor-target alignfull '>\n\t<div class=\"container-content\" \n\t\t\tstyle=background:#ffffff>\n\t\t\n\n<div class=\"wp-block-columns is-layout-flex wp-container-core-columns-is-layout-9d6595d7 wp-block-columns-is-layout-flex\">\n<div class=\"wp-block-column is-layout-flow wp-block-column-is-layout-flow\" style=\"flex-basis:90%\">\n<div id='block_44171cf5806807513281d59da3e49e7d' class='image-section acf-k-ip-image-responsive anchor-target product-image-animated'>\n\n\t<div class=\"image-container\" style=\"justify-content:center;\n\talign-items:center;\n\tbackground-image:url(https:\/\/api-k.com\/wp-content\/uploads\/2023\/03\/MicrosoftTeams-image-color-corrected.png);\n\tpadding:0px\">\n\t\t\t<img decoding=\"async\" class=\"image-block-mobile\" src=\"https:\/\/api-k.com\/wp-content\/uploads\/2023\/03\/Artboard-7.png\" alt=\"\">\n\t\t\t\t<img decoding=\"async\" class=\"image-block\" src=\"https:\/\/api-k.com\/wp-content\/uploads\/2023\/03\/Artboard-7.png\" alt=\"\">\n\t\t<\/div>\n<\/div>\n<\/div>\n\n\n\n<div class=\"wp-block-column is-vertically-aligned-center padding no-padding-top has-large-font-size is-layout-flow wp-block-column-is-layout-flow\" style=\"flex-basis:90%\">\n<div id='block_cf38e18628e02c01360fdfab6812c61f' class='rich-text-section acf-k-ip-texte-enrichi anchor-target '>\n\n\t<div class=\"rich-text-container\">\n\t\t<div class=\"rich-text\"><p><span class=\"bigtext\" style=\"color: #a78b4f\" data-mce-style=\"color: #a78b4f;\">With MAPIK, find your way around the outdoors, easily!&nbsp;<\/span><\/p>\n<p>Focus on the essentials, stay focused on your sensations, on nature and on what is important to you. Our app will accompany you easily!<\/p>\n<\/div>\n\t<\/div>\n<\/div>\n\n\n<div class=\"wp-block-image\">\n<figure class=\"alignleft size-medium\"><img loading=\"lazy\" decoding=\"async\" width=\"300\" height=\"53\" src=\"https:\/\/api-k.com\/wp-content\/uploads\/2023\/04\/Disponiblestores-2-e1680600148895-300x53.png\" alt=\"\" class=\"wp-image-11680\" srcset=\"https:\/\/api-k.com\/wp-content\/uploads\/2023\/04\/Disponiblestores-2-e1680600148895-300x53.png 300w, https:\/\/api-k.com\/wp-content\/uploads\/2023\/04\/Disponiblestores-2-e1680600148895-600x107.png 600w, https:\/\/api-k.com\/wp-content\/uploads\/2023\/04\/Disponiblestores-2-e1680600148895.png 607w\" sizes=\"auto, (max-width: 300px) 100vw, 300px\" \/><\/figure><\/div>\n\n\n<p class=\"has-medium-font-size\"> <\/p>\n<\/div>\n<\/div>\n\n\n\t<\/div>\n\n<\/section>\n\n<div id='block_981bbbd21fa037e2973e934878020ae2' class='cta-section  acf-kip-call-to-action anchor-target '>\n\t<div class=\"cta-container\"  style=\"justify-content:center;align-items:center\">\n\t\t<a href=\"https:\/\/api-k.com\/link-mapik-app-redirect\/\" target=\"\" class=\"cta-button\" style=\"background-color: #0077a0; color: #ffffff\">DOWNLOAD MAPIK ! \t\t\t\t\t<\/a>\n\t<\/div>\n<\/div>\n\n<div class=\"wp-block-fsb-flexible-spacer fsb-flexible-spacer\" aria-hidden=\"true\">\r\n<div class=\"fsb-flexible-spacer__device fsb-flexible-spacer__device--lg\" style=\"height: 100px;\"><\/div>\r\n<div class=\"fsb-flexible-spacer__device fsb-flexible-spacer__device--md\" style=\"height: 100px;\"><\/div>\r\n<div class=\"fsb-flexible-spacer__device fsb-flexible-spacer__device--sm\" style=\"height: 100px;\"><\/div>\r\n<\/div>\n\n<div id='block_d0bd4e1ca2aa0b5c9b05265b75937d6d' class='accordion-block-wrapper disable-responsive-style acf-kip-accordeon-avec-icone anchor-target '>\n\t\t\t<div class=\"accordion-block\">\n\t\t\t\t\t\t\t<div class=\"accordion-content\">\n\t\t\t\t\t\t\t\t\t\t\t<img decoding=\"async\" class=\"accordion-image\" src=\"https:\/\/api-k.com\/wp-content\/uploads\/2023\/03\/download-dash-arrow-1.svg\" alt=\"\">\n\t\t\t\t\t\t\t\t\t\t<div class=\"accordion-text-content-container\">\n\t\t\t\t\t\t<div class=\"accordion-title\">Download maps in advance<\/div>\n\t\t\t\t\t\t<div class=\"accordion-text\"><p>Choose and keep your maps to accompany you on every outing<\/p>\n<\/div>\n\t\t\t\t\t\t<button class=\"accordion-button-toggle\" type=\"button\">\n\t\t\t\t\t\t\t<img decoding=\"async\" src=\"https:\/\/api-k.com\/wp-content\/themes\/k-ip-ignition\/images\/button-open.svg \" alt=\"\" class=\"accordion-picto-open\" \/>\n\n\t\t\t\t\t\t\t<img decoding=\"async\" src=\"https:\/\/api-k.com\/wp-content\/themes\/k-ip-ignition\/images\/button-close.svg \" alt=\"\" class=\"accordion-picto-close\" \/>\n\t\t\t\t\t\t<\/button>\n\t\t\t\t\t<\/div>\n\t\t\t\t<\/div>\n\t\t\t\t\t\t\t<div class=\"accordion-content\">\n\t\t\t\t\t\t\t\t\t\t\t<img decoding=\"async\" class=\"accordion-image\" src=\"https:\/\/api-k.com\/wp-content\/uploads\/2023\/03\/wifi-off-1.svg\" alt=\"\">\n\t\t\t\t\t\t\t\t\t\t<div class=\"accordion-text-content-container\">\n\t\t\t\t\t\t<div class=\"accordion-title\">Works without network and offline<\/div>\n\t\t\t\t\t\t<div class=\"accordion-text\"><p>Access your maps at all times, even offline, so you can always find your way<\/p>\n<\/div>\n\t\t\t\t\t\t<button class=\"accordion-button-toggle\" type=\"button\">\n\t\t\t\t\t\t\t<img decoding=\"async\" src=\"https:\/\/api-k.com\/wp-content\/themes\/k-ip-ignition\/images\/button-open.svg \" alt=\"\" class=\"accordion-picto-open\" \/>\n\n\t\t\t\t\t\t\t<img decoding=\"async\" src=\"https:\/\/api-k.com\/wp-content\/themes\/k-ip-ignition\/images\/button-close.svg \" alt=\"\" class=\"accordion-picto-close\" \/>\n\t\t\t\t\t\t<\/button>\n\t\t\t\t\t<\/div>\n\t\t\t\t<\/div>\n\t\t\t\t\t\t\t<div class=\"accordion-content\">\n\t\t\t\t\t\t\t\t\t\t\t<img decoding=\"async\" class=\"accordion-image\" src=\"https:\/\/api-k.com\/wp-content\/uploads\/2023\/03\/travel-map-1.svg\" alt=\"\">\n\t\t\t\t\t\t\t\t\t\t<div class=\"accordion-text-content-container\">\n\t\t\t\t\t\t<div class=\"accordion-title\">Topographic maps adapted to outdoor use<\/div>\n\t\t\t\t\t\t<div class=\"accordion-text\"><p>Adapted to outdoor practices, maps allow you to visualize differences in altitude, to anticipate the efforts to come&#8230;<\/p>\n<\/div>\n\t\t\t\t\t\t<button class=\"accordion-button-toggle\" type=\"button\">\n\t\t\t\t\t\t\t<img decoding=\"async\" src=\"https:\/\/api-k.com\/wp-content\/themes\/k-ip-ignition\/images\/button-open.svg \" alt=\"\" class=\"accordion-picto-open\" \/>\n\n\t\t\t\t\t\t\t<img decoding=\"async\" src=\"https:\/\/api-k.com\/wp-content\/themes\/k-ip-ignition\/images\/button-close.svg \" alt=\"\" class=\"accordion-picto-close\" \/>\n\t\t\t\t\t\t<\/button>\n\t\t\t\t\t<\/div>\n\t\t\t\t<\/div>\n\t\t\t\t\t<\/div>\n\t<\/div>\n<section id='block_7db0b8ea590e731559991f1f03ea8939' class='k-ip-section-content-block acf-k-ip-section-de-contenu anchor-target alignfull '>\n\t<div class=\"container-content\" \n\t\t\tstyle=background:#ffffff>\n\t\t\n\n<div class=\"wp-block-columns is-layout-flex wp-container-core-columns-is-layout-9d6595d7 wp-block-columns-is-layout-flex\">\n<div class=\"wp-block-column is-layout-flow wp-block-column-is-layout-flow\" style=\"flex-basis:90%\">\n<div id='block_cecc840487fb2152a63cf8d84ac4fd4b' class='image-section acf-k-ip-image-responsive anchor-target product-image-animated'>\n\n\t<div class=\"image-container\" style=\"justify-content:center;\n\talign-items:center;\n\tbackground-image:url(https:\/\/api-k.com\/wp-content\/uploads\/2023\/03\/Carrousel-3D_4Visuel_VTT.png);\n\tpadding:0px\">\n\t\t\t<img decoding=\"async\" class=\"image-block-mobile\" src=\"https:\/\/api-k.com\/wp-content\/uploads\/2023\/03\/Artboard-7-copy.png\" alt=\"\">\n\t\t\t\t<img decoding=\"async\" class=\"image-block\" src=\"https:\/\/api-k.com\/wp-content\/uploads\/2023\/03\/Artboard-7-copy.png\" alt=\"\">\n\t\t<\/div>\n<\/div>\n<\/div>\n\n\n\n<div class=\"wp-block-column is-vertically-aligned-center padding no-padding-top has-large-font-size is-layout-flow wp-block-column-is-layout-flow\" style=\"flex-basis:90%\">\n<div id='block_029350aca17488a7394dea8abe2d5d6c' class='rich-text-section acf-k-ip-texte-enrichi anchor-target '>\n\n\t<div class=\"rich-text-container\">\n\t\t<div class=\"rich-text\"><h1><span style=\"color: #a78b4f\">100% simple<\/span><\/h1>\n<h1><span style=\"color: #a78b4f\">100 % outdoor<\/span><\/h1>\n<h1><span style=\"color: #a78b4f\">100 %<br \/>\nFREE<\/span><\/h1>\n<\/div>\n\t<\/div>\n<\/div>\n<\/div>\n<\/div>\n\n\n\t<\/div>\n\n<\/section>\n","protected":false},"excerpt":{"rendered":"","protected":false},"author":18,"featured_media":0,"parent":0,"menu_order":0,"comment_status":"closed","ping_status":"closed","template":"","meta":{"inline_featured_image":false,"_monsterinsights_skip_tracking":false,"_monsterinsights_sitenote_active":false,"_monsterinsights_sitenote_note":"","_monsterinsights_sitenote_category":0,"footnotes":""},"class_list":["post-11275","page","type-page","status-publish","hentry"],"acf":[],"aioseo_notices":[],"yoast_head":"<!-- This site is optimized with the Yoast SEO plugin v21.6 - https:\/\/yoast.com\/wordpress\/plugins\/seo\/ -->\n<title>MAPIK - APIK<\/title>\n<meta name=\"robots\" content=\"index, follow, max-snippet:-1, max-image-preview:large, max-video-preview:-1\" \/>\n<link rel=\"canonical\" href=\"https:\/\/api-k.com\/en\/mapik\/\" \/>\n<meta property=\"og:locale\" content=\"en_US\" \/>\n<meta property=\"og:type\" content=\"article\" \/>\n<meta property=\"og:title\" content=\"MAPIK - APIK\" \/>\n<meta property=\"og:url\" content=\"https:\/\/api-k.com\/en\/mapik\/\" \/>\n<meta property=\"og:site_name\" content=\"APIK\" \/>\n<meta property=\"article:publisher\" content=\"https:\/\/www.facebook.com\/APIKMediaLink\/\" \/>\n<meta property=\"article:modified_time\" content=\"2023-08-16T07:18:26+00:00\" \/>\n<meta property=\"og:image\" content=\"https:\/\/api-k.com\/wp-content\/uploads\/2023\/04\/Disponiblestores-2-e1680600148895-300x53.png\" \/>\n<meta name=\"twitter:card\" content=\"summary_large_image\" \/>\n<meta name=\"twitter:site\" content=\"@APIKsolution\" \/>\n<script type=\"application\/ld+json\" class=\"yoast-schema-graph\">{\"@context\":\"https:\/\/schema.org\",\"@graph\":[{\"@type\":\"WebPage\",\"@id\":\"https:\/\/api-k.com\/en\/mapik\/\",\"url\":\"https:\/\/api-k.com\/en\/mapik\/\",\"name\":\"MAPIK - APIK\",\"isPartOf\":{\"@id\":\"https:\/\/api-k.com\/en\/#website\"},\"datePublished\":\"2023-03-17T14:15:38+00:00\",\"dateModified\":\"2023-08-16T07:18:26+00:00\",\"breadcrumb\":{\"@id\":\"https:\/\/api-k.com\/en\/mapik\/#breadcrumb\"},\"inLanguage\":\"en-US\",\"potentialAction\":[{\"@type\":\"ReadAction\",\"target\":[\"https:\/\/api-k.com\/en\/mapik\/\"]}]},{\"@type\":\"BreadcrumbList\",\"@id\":\"https:\/\/api-k.com\/en\/mapik\/#breadcrumb\",\"itemListElement\":[{\"@type\":\"ListItem\",\"position\":1,\"name\":\"Home\",\"item\":\"https:\/\/api-k.com\/en\/\"},{\"@type\":\"ListItem\",\"position\":2,\"name\":\"MAPIK\"}]},{\"@type\":\"WebSite\",\"@id\":\"https:\/\/api-k.com\/en\/#website\",\"url\":\"https:\/\/api-k.com\/en\/\",\"name\":\"APIK\",\"description\":\"S\u00e9curit\u00e9 &amp; G\u00e9opositionnement\",\"publisher\":{\"@id\":\"https:\/\/api-k.com\/en\/#organization\"},\"potentialAction\":[{\"@type\":\"SearchAction\",\"target\":{\"@type\":\"EntryPoint\",\"urlTemplate\":\"https:\/\/api-k.com\/en\/?s={search_term_string}\"},\"query-input\":\"required name=search_term_string\"}],\"inLanguage\":\"en-US\"},{\"@type\":\"Organization\",\"@id\":\"https:\/\/api-k.com\/en\/#organization\",\"name\":\"K-IP\",\"url\":\"https:\/\/api-k.com\/en\/\",\"logo\":{\"@type\":\"ImageObject\",\"inLanguage\":\"en-US\",\"@id\":\"https:\/\/api-k.com\/en\/#\/schema\/logo\/image\/\",\"url\":\"https:\/\/api-k.com\/wp-content\/uploads\/2021\/12\/Frame-1-1.png\",\"contentUrl\":\"https:\/\/api-k.com\/wp-content\/uploads\/2021\/12\/Frame-1-1.png\",\"width\":329,\"height\":70,\"caption\":\"K-IP\"},\"image\":{\"@id\":\"https:\/\/api-k.com\/en\/#\/schema\/logo\/image\/\"},\"sameAs\":[\"https:\/\/www.facebook.com\/APIKMediaLink\/\",\"https:\/\/twitter.com\/APIKsolution\",\"https:\/\/www.instagram.com\/kip_konnected\/\",\"https:\/\/www.linkedin.com\/company\/api-k\/\"]}]}<\/script>\n<!-- \/ Yoast SEO plugin. -->","yoast_head_json":{"title":"MAPIK - APIK","robots":{"index":"index","follow":"follow","max-snippet":"max-snippet:-1","max-image-preview":"max-image-preview:large","max-video-preview":"max-video-preview:-1"},"canonical":"https:\/\/api-k.com\/en\/mapik\/","og_locale":"en_US","og_type":"article","og_title":"MAPIK - APIK","og_url":"https:\/\/api-k.com\/en\/mapik\/","og_site_name":"APIK","article_publisher":"https:\/\/www.facebook.com\/APIKMediaLink\/","article_modified_time":"2023-08-16T07:18:26+00:00","og_image":[{"url":"https:\/\/api-k.com\/wp-content\/uploads\/2023\/04\/Disponiblestores-2-e1680600148895-300x53.png"}],"twitter_card":"summary_large_image","twitter_site":"@APIKsolution","schema":{"@context":"https:\/\/schema.org","@graph":[{"@type":"WebPage","@id":"https:\/\/api-k.com\/en\/mapik\/","url":"https:\/\/api-k.com\/en\/mapik\/","name":"MAPIK - APIK","isPartOf":{"@id":"https:\/\/api-k.com\/en\/#website"},"datePublished":"2023-03-17T14:15:38+00:00","dateModified":"2023-08-16T07:18:26+00:00","breadcrumb":{"@id":"https:\/\/api-k.com\/en\/mapik\/#breadcrumb"},"inLanguage":"en-US","potentialAction":[{"@type":"ReadAction","target":["https:\/\/api-k.com\/en\/mapik\/"]}]},{"@type":"BreadcrumbList","@id":"https:\/\/api-k.com\/en\/mapik\/#breadcrumb","itemListElement":[{"@type":"ListItem","position":1,"name":"Home","item":"https:\/\/api-k.com\/en\/"},{"@type":"ListItem","position":2,"name":"MAPIK"}]},{"@type":"WebSite","@id":"https:\/\/api-k.com\/en\/#website","url":"https:\/\/api-k.com\/en\/","name":"APIK","description":"S\u00e9curit\u00e9 &amp; G\u00e9opositionnement","publisher":{"@id":"https:\/\/api-k.com\/en\/#organization"},"potentialAction":[{"@type":"SearchAction","target":{"@type":"EntryPoint","urlTemplate":"https:\/\/api-k.com\/en\/?s={search_term_string}"},"query-input":"required name=search_term_string"}],"inLanguage":"en-US"},{"@type":"Organization","@id":"https:\/\/api-k.com\/en\/#organization","name":"K-IP","url":"https:\/\/api-k.com\/en\/","logo":{"@type":"ImageObject","inLanguage":"en-US","@id":"https:\/\/api-k.com\/en\/#\/schema\/logo\/image\/","url":"https:\/\/api-k.com\/wp-content\/uploads\/2021\/12\/Frame-1-1.png","contentUrl":"https:\/\/api-k.com\/wp-content\/uploads\/2021\/12\/Frame-1-1.png","width":329,"height":70,"caption":"K-IP"},"image":{"@id":"https:\/\/api-k.com\/en\/#\/schema\/logo\/image\/"},"sameAs":["https:\/\/www.facebook.com\/APIKMediaLink\/","https:\/\/twitter.com\/APIKsolution","https:\/\/www.instagram.com\/kip_konnected\/","https:\/\/www.linkedin.com\/company\/api-k\/"]}]}},"_links":{"self":[{"href":"https:\/\/api-k.com\/en\/wp-json\/wp\/v2\/pages\/11275","targetHints":{"allow":["GET"]}}],"collection":[{"href":"https:\/\/api-k.com\/en\/wp-json\/wp\/v2\/pages"}],"about":[{"href":"https:\/\/api-k.com\/en\/wp-json\/wp\/v2\/types\/page"}],"author":[{"embeddable":true,"href":"https:\/\/api-k.com\/en\/wp-json\/wp\/v2\/users\/18"}],"replies":[{"embeddable":true,"href":"https:\/\/api-k.com\/en\/wp-json\/wp\/v2\/comments?post=11275"}],"version-history":[{"count":24,"href":"https:\/\/api-k.com\/en\/wp-json\/wp\/v2\/pages\/11275\/revisions"}],"predecessor-version":[{"id":12422,"href":"https:\/\/api-k.com\/en\/wp-json\/wp\/v2\/pages\/11275\/revisions\/12422"}],"wp:attachment":[{"href":"https:\/\/api-k.com\/en\/wp-json\/wp\/v2\/media?parent=11275"}],"curies":[{"name":"wp","href":"https:\/\/api.w.org\/{rel}","templated":true}]}}