{"id":11486,"date":"2023-03-01T12:03:03","date_gmt":"2023-03-01T11:03:03","guid":{"rendered":"https:\/\/api-k.com\/links-app-redirect\/"},"modified":"2023-06-16T10:09:39","modified_gmt":"2023-06-16T08:09:39","slug":"links-app-redirect","status":"publish","type":"page","link":"https:\/\/api-k.com\/en\/links-app-redirect\/","title":{"rendered":"links-KIP-APP-redirect"},"content":{"rendered":"\n<div id='block_5578db871d6f691fbee76c3ff5cc9c4c' class='image-section acf-k-ip-image-responsive anchor-target '>\n\n\t<div class=\"image-container\" style=\"justify-content:center;\n\talign-items:center;\n\tbackground-image:url();\n\tpadding:0px\">\n\t\t\t<img decoding=\"async\" class=\"image-block-mobile\" src=\"https:\/\/api-k.com\/wp-content\/uploads\/2021\/12\/Frame-2.png\" alt=\"\">\n\t\t\t\t<img decoding=\"async\" class=\"image-block\" src=\"https:\/\/api-k.com\/wp-content\/uploads\/2021\/12\/Fichier-2-1.png\" alt=\"\">\n\t\t<\/div>\n<\/div>\n\n<div class=\"wp-block-group\"><div class=\"wp-block-group__inner-container is-layout-constrained wp-block-group-is-layout-constrained\">\n<div class=\"wp-block-group has-blanc-glace-background-color has-background\"><div class=\"wp-block-group__inner-container is-layout-constrained wp-block-group-is-layout-constrained\">\n<p class=\"has-text-align-center has-blanc-glace-background-color has-background\">Choose your phone type : <\/p>\n\n\n\n<div class=\"wp-block-columns is-not-stacked-on-mobile has-blanc-glace-background-color has-background is-layout-flex wp-container-core-columns-is-layout-9d6595d7 wp-block-columns-is-layout-flex\">\n<div class=\"wp-block-column is-layout-flow wp-block-column-is-layout-flow\"><div class=\"wp-block-image\">\n<figure class=\"aligncenter size-large is-resized\"><a href=\"https:\/\/play.google.com\/store\/apps\/details?id=fr.kip.app\"><img loading=\"lazy\" decoding=\"async\" src=\"https:\/\/api-k.com\/wp-content\/uploads\/2023\/03\/apps-02.svg\" alt=\"\" class=\"wp-image-9366\" width=\"113\" height=\"113\"\/><\/a><\/figure><\/div>\n\n\n<p class=\"has-text-align-center\"><a href=\"https:\/\/play.google.com\/store\/apps\/details?id=fr.kip.app\">Android<\/a><\/p>\n<\/div>\n\n\n\n<div class=\"wp-block-column is-layout-flow wp-block-column-is-layout-flow\"><div class=\"wp-block-image\">\n<figure class=\"aligncenter size-large is-resized\"><a href=\"https:\/\/apps.apple.com\/fr\/app\/k-ip\/id1594199942\"><img loading=\"lazy\" decoding=\"async\" src=\"https:\/\/api-k.com\/wp-content\/uploads\/2023\/03\/apps-01.svg\" alt=\"\" class=\"wp-image-9362\" width=\"113\" height=\"113\"\/><\/a><\/figure><\/div>\n\n\n<p class=\"has-text-align-center\"><a href=\"https:\/\/apps.apple.com\/fr\/app\/k-ip\/id1594199942\">iOS (iPhones)<\/a><\/p>\n<\/div>\n<\/div>\n<\/div><\/div>\n<\/div><\/div>\n","protected":false},"excerpt":{"rendered":"<p>Choose your phone type : Android iOS (iPhones)<\/p>\n","protected":false},"author":18,"featured_media":0,"parent":0,"menu_order":0,"comment_status":"closed","ping_status":"closed","template":"","meta":{"inline_featured_image":false,"_monsterinsights_skip_tracking":false,"_monsterinsights_sitenote_active":false,"_monsterinsights_sitenote_note":"","_monsterinsights_sitenote_category":0,"footnotes":""},"class_list":["post-11486","page","type-page","status-publish","hentry"],"acf":[],"aioseo_notices":[],"yoast_head":"<!-- This site is optimized with the Yoast SEO plugin v21.6 - https:\/\/yoast.com\/wordpress\/plugins\/seo\/ -->\n<title>links-KIP-APP-redirect - APIK<\/title>\n<meta name=\"robots\" content=\"index, follow, max-snippet:-1, max-image-preview:large, max-video-preview:-1\" \/>\n<link rel=\"canonical\" href=\"https:\/\/api-k.com\/en\/links-app-redirect\/\" \/>\n<meta property=\"og:locale\" content=\"en_US\" \/>\n<meta property=\"og:type\" content=\"article\" \/>\n<meta property=\"og:title\" content=\"links-KIP-APP-redirect - APIK\" \/>\n<meta property=\"og:description\" content=\"Choose your phone type : Android iOS (iPhones)\" \/>\n<meta property=\"og:url\" content=\"https:\/\/api-k.com\/en\/links-app-redirect\/\" \/>\n<meta property=\"og:site_name\" content=\"APIK\" \/>\n<meta property=\"article:publisher\" content=\"https:\/\/www.facebook.com\/APIKMediaLink\/\" \/>\n<meta property=\"article:modified_time\" content=\"2023-06-16T08:09:39+00:00\" \/>\n<meta property=\"og:image\" content=\"https:\/\/api-k.com\/wp-content\/uploads\/2023\/03\/apps-02.svg\" \/>\n<meta name=\"twitter:card\" content=\"summary_large_image\" \/>\n<meta name=\"twitter:site\" content=\"@APIKsolution\" \/>\n<script type=\"application\/ld+json\" class=\"yoast-schema-graph\">{\"@context\":\"https:\/\/schema.org\",\"@graph\":[{\"@type\":\"WebPage\",\"@id\":\"https:\/\/api-k.com\/en\/links-app-redirect\/\",\"url\":\"https:\/\/api-k.com\/en\/links-app-redirect\/\",\"name\":\"links-KIP-APP-redirect - APIK\",\"isPartOf\":{\"@id\":\"https:\/\/api-k.com\/en\/#website\"},\"datePublished\":\"2023-03-01T11:03:03+00:00\",\"dateModified\":\"2023-06-16T08:09:39+00:00\",\"breadcrumb\":{\"@id\":\"https:\/\/api-k.com\/en\/links-app-redirect\/#breadcrumb\"},\"inLanguage\":\"en-US\",\"potentialAction\":[{\"@type\":\"ReadAction\",\"target\":[\"https:\/\/api-k.com\/en\/links-app-redirect\/\"]}]},{\"@type\":\"BreadcrumbList\",\"@id\":\"https:\/\/api-k.com\/en\/links-app-redirect\/#breadcrumb\",\"itemListElement\":[{\"@type\":\"ListItem\",\"position\":1,\"name\":\"Home\",\"item\":\"https:\/\/api-k.com\/en\/\"},{\"@type\":\"ListItem\",\"position\":2,\"name\":\"links-KIP-APP-redirect\"}]},{\"@type\":\"WebSite\",\"@id\":\"https:\/\/api-k.com\/en\/#website\",\"url\":\"https:\/\/api-k.com\/en\/\",\"name\":\"APIK\",\"description\":\"S\u00e9curit\u00e9 &amp; G\u00e9opositionnement\",\"publisher\":{\"@id\":\"https:\/\/api-k.com\/en\/#organization\"},\"potentialAction\":[{\"@type\":\"SearchAction\",\"target\":{\"@type\":\"EntryPoint\",\"urlTemplate\":\"https:\/\/api-k.com\/en\/?s={search_term_string}\"},\"query-input\":\"required name=search_term_string\"}],\"inLanguage\":\"en-US\"},{\"@type\":\"Organization\",\"@id\":\"https:\/\/api-k.com\/en\/#organization\",\"name\":\"K-IP\",\"url\":\"https:\/\/api-k.com\/en\/\",\"logo\":{\"@type\":\"ImageObject\",\"inLanguage\":\"en-US\",\"@id\":\"https:\/\/api-k.com\/en\/#\/schema\/logo\/image\/\",\"url\":\"https:\/\/api-k.com\/wp-content\/uploads\/2021\/12\/Frame-1-1.png\",\"contentUrl\":\"https:\/\/api-k.com\/wp-content\/uploads\/2021\/12\/Frame-1-1.png\",\"width\":329,\"height\":70,\"caption\":\"K-IP\"},\"image\":{\"@id\":\"https:\/\/api-k.com\/en\/#\/schema\/logo\/image\/\"},\"sameAs\":[\"https:\/\/www.facebook.com\/APIKMediaLink\/\",\"https:\/\/twitter.com\/APIKsolution\",\"https:\/\/www.instagram.com\/kip_konnected\/\",\"https:\/\/www.linkedin.com\/company\/api-k\/\"]}]}<\/script>\n<!-- \/ Yoast SEO plugin. -->","yoast_head_json":{"title":"links-KIP-APP-redirect - APIK","robots":{"index":"index","follow":"follow","max-snippet":"max-snippet:-1","max-image-preview":"max-image-preview:large","max-video-preview":"max-video-preview:-1"},"canonical":"https:\/\/api-k.com\/en\/links-app-redirect\/","og_locale":"en_US","og_type":"article","og_title":"links-KIP-APP-redirect - APIK","og_description":"Choose your phone type : Android iOS (iPhones)","og_url":"https:\/\/api-k.com\/en\/links-app-redirect\/","og_site_name":"APIK","article_publisher":"https:\/\/www.facebook.com\/APIKMediaLink\/","article_modified_time":"2023-06-16T08:09:39+00:00","og_image":[{"url":"https:\/\/api-k.com\/wp-content\/uploads\/2023\/03\/apps-02.svg"}],"twitter_card":"summary_large_image","twitter_site":"@APIKsolution","schema":{"@context":"https:\/\/schema.org","@graph":[{"@type":"WebPage","@id":"https:\/\/api-k.com\/en\/links-app-redirect\/","url":"https:\/\/api-k.com\/en\/links-app-redirect\/","name":"links-KIP-APP-redirect - APIK","isPartOf":{"@id":"https:\/\/api-k.com\/en\/#website"},"datePublished":"2023-03-01T11:03:03+00:00","dateModified":"2023-06-16T08:09:39+00:00","breadcrumb":{"@id":"https:\/\/api-k.com\/en\/links-app-redirect\/#breadcrumb"},"inLanguage":"en-US","potentialAction":[{"@type":"ReadAction","target":["https:\/\/api-k.com\/en\/links-app-redirect\/"]}]},{"@type":"BreadcrumbList","@id":"https:\/\/api-k.com\/en\/links-app-redirect\/#breadcrumb","itemListElement":[{"@type":"ListItem","position":1,"name":"Home","item":"https:\/\/api-k.com\/en\/"},{"@type":"ListItem","position":2,"name":"links-KIP-APP-redirect"}]},{"@type":"WebSite","@id":"https:\/\/api-k.com\/en\/#website","url":"https:\/\/api-k.com\/en\/","name":"APIK","description":"S\u00e9curit\u00e9 &amp; G\u00e9opositionnement","publisher":{"@id":"https:\/\/api-k.com\/en\/#organization"},"potentialAction":[{"@type":"SearchAction","target":{"@type":"EntryPoint","urlTemplate":"https:\/\/api-k.com\/en\/?s={search_term_string}"},"query-input":"required name=search_term_string"}],"inLanguage":"en-US"},{"@type":"Organization","@id":"https:\/\/api-k.com\/en\/#organization","name":"K-IP","url":"https:\/\/api-k.com\/en\/","logo":{"@type":"ImageObject","inLanguage":"en-US","@id":"https:\/\/api-k.com\/en\/#\/schema\/logo\/image\/","url":"https:\/\/api-k.com\/wp-content\/uploads\/2021\/12\/Frame-1-1.png","contentUrl":"https:\/\/api-k.com\/wp-content\/uploads\/2021\/12\/Frame-1-1.png","width":329,"height":70,"caption":"K-IP"},"image":{"@id":"https:\/\/api-k.com\/en\/#\/schema\/logo\/image\/"},"sameAs":["https:\/\/www.facebook.com\/APIKMediaLink\/","https:\/\/twitter.com\/APIKsolution","https:\/\/www.instagram.com\/kip_konnected\/","https:\/\/www.linkedin.com\/company\/api-k\/"]}]}},"_links":{"self":[{"href":"https:\/\/api-k.com\/en\/wp-json\/wp\/v2\/pages\/11486","targetHints":{"allow":["GET"]}}],"collection":[{"href":"https:\/\/api-k.com\/en\/wp-json\/wp\/v2\/pages"}],"about":[{"href":"https:\/\/api-k.com\/en\/wp-json\/wp\/v2\/types\/page"}],"author":[{"embeddable":true,"href":"https:\/\/api-k.com\/en\/wp-json\/wp\/v2\/users\/18"}],"replies":[{"embeddable":true,"href":"https:\/\/api-k.com\/en\/wp-json\/wp\/v2\/comments?post=11486"}],"version-history":[{"count":8,"href":"https:\/\/api-k.com\/en\/wp-json\/wp\/v2\/pages\/11486\/revisions"}],"predecessor-version":[{"id":12293,"href":"https:\/\/api-k.com\/en\/wp-json\/wp\/v2\/pages\/11486\/revisions\/12293"}],"wp:attachment":[{"href":"https:\/\/api-k.com\/en\/wp-json\/wp\/v2\/media?parent=11486"}],"curies":[{"name":"wp","href":"https:\/\/api.w.org\/{rel}","templated":true}]}}