{"id":12906,"date":"2023-11-29T14:15:16","date_gmt":"2023-11-29T13:15:16","guid":{"rendered":"https:\/\/api-k.com\/?page_id=12906"},"modified":"2023-11-29T16:03:49","modified_gmt":"2023-11-29T15:03:49","slug":"calendrier-de-lavent-apik-2023","status":"publish","type":"page","link":"https:\/\/api-k.com\/en\/calendrier-de-lavent-apik-2023\/","title":{"rendered":"CALENDRIER DE L&#8217;AVENT APIK 2023"},"content":{"rendered":"\n<div id='block_2581686a666676c2e3c95985c3a98b7d' class='multi-contents-block full-width acf-k-ip-grande-image-avec-cercles-de-contenu anchor-target alignfull '>\n\t<div class=\"multi-contents-wrapper multi-contents-circles-wrapper\" style=\"background-image:url(https:\/\/api-k.com\/wp-content\/uploads\/2023\/03\/GeneriqueRetouchee-scaled.jpg) \">\n\t\t<div class=\"multi-contents-content container\">\n\t\t\t<div class=\"multi-content-infos\">\n\t\t\t\t\t\t\t\t\t\t<div class=\"multi-content-title\"><h1><span style=\"color: #ffffff\">CALENDRIER DE L&#8217;AVENT APIK<\/span><\/h1>\n\t\t\t\t\t\t<\/div>\n\t\t\t\t\t\t\t\t\t\t\t\t<div class=\"multi-content-text\"><h3><span style=\"color: #ffffff\"><b>Chaque jour, une bonne action, une info ou une surprise en attendant No\u00ebl\u00a0<\/b><\/span><\/h3>\n\t\t\t\t\t\t<\/div>\n\t\t\t\t\t\t\n\t\t\t\t\t\t\t<\/div>\n\t\t\t\t\t<\/div>\n\t<\/div>\n\t\t<div class=\"multi-contents-wrapper multi-contents-circles-wrapper multi-contents-circles-wrapper-mobile\" style=\"background-image:url(https:\/\/api-k.com\/wp-content\/uploads\/2023\/03\/GeneriqueRetouchee-scaled.jpg) \">\n\t\t<div class=\"multi-contents-content container\">\n\t\t\t<div class=\"multi-content-infos\">\n\t\t\t\t\t\t\t\t\t\t<div class=\"multi-content-title\"><h1><span style=\"color: #ffffff\">CALENDRIER DE L&#8217;AVENT APIK<\/span><\/h1>\n\t\t\t\t\t\t<\/div>\n\t\t\t\t\t\t\t\t\t\t\t\t<div class=\"multi-content-text\"><h3><span style=\"color: #ffffff\"><b>Chaque jour, une bonne action, une info ou une surprise en attendant No\u00ebl\u00a0<\/b><\/span><\/h3>\n\t\t\t\t\t\t<\/div>\n\t\t\t\t\t\t\n\t\t\t\t\t\t\t<\/div>\n\t\t\t\t\t<\/div>\n\t<\/div>\n\t<\/div>\n\n\n\n<div class=\"wp-block-columns is-layout-flex wp-container-core-columns-is-layout-9d6595d7 wp-block-columns-is-layout-flex\">\n<div class=\"wp-block-column is-layout-flow wp-block-column-is-layout-flow\">\n<div id='block_52a3d15f970a7450127b6e3afa1e646a' class='accordion-block-wrapper disable-responsive-style acf-kip-accordeon-avec-icone anchor-target '>\n\t\t\t<div class=\"accordion-block\">\n\t\t\t\t\t\t\t<div class=\"accordion-content\">\n\t\t\t\t\t\t\t\t\t\t\t<img decoding=\"async\" class=\"accordion-image\" src=\"https:\/\/api-k.com\/wp-content\/uploads\/2023\/11\/Artboard-1@2x.png\" alt=\"\">\n\t\t\t\t\t\t\t\t\t\t<div class=\"accordion-text-content-container\">\n\t\t\t\t\t\t<div class=\"accordion-title\">Bienvenus ! <\/div>\n\t\t\t\t\t\t<div class=\"accordion-text\"><p>Pour bien d\u00e9marrer, nous proposons un prolongement des KIP carottes ! Voici le code de r\u00e9duction : kip_carotte_2023<\/p>\n<\/div>\n\t\t\t\t\t\t<button class=\"accordion-button-toggle\" type=\"button\">\n\t\t\t\t\t\t\t<img decoding=\"async\" src=\"https:\/\/api-k.com\/wp-content\/themes\/k-ip-ignition\/images\/button-open.svg \" alt=\"\" class=\"accordion-picto-open\" \/>\n\n\t\t\t\t\t\t\t<img decoding=\"async\" src=\"https:\/\/api-k.com\/wp-content\/themes\/k-ip-ignition\/images\/button-close.svg \" alt=\"\" class=\"accordion-picto-close\" \/>\n\t\t\t\t\t\t<\/button>\n\t\t\t\t\t<\/div>\n\t\t\t\t<\/div>\n\t\t\t\t\t<\/div>\n\t<\/div>\n<\/div>\n\n\n\n<div class=\"wp-block-column is-layout-flow wp-block-column-is-layout-flow\">\n<div id='block_55c02efa0e8a4b6afc34610cb8ed8e4e' class='accordion-block-wrapper disable-responsive-style acf-kip-accordeon-avec-icone anchor-target '>\n\t\t\t<div class=\"accordion-block\">\n\t\t\t\t\t\t\t<div class=\"accordion-content\">\n\t\t\t\t\t\t\t\t\t\t\t<img decoding=\"async\" class=\"accordion-image\" src=\"https:\/\/api-k.com\/wp-content\/uploads\/2023\/11\/Artboard-2@2x.png\" alt=\"\">\n\t\t\t\t\t\t\t\t\t\t<div class=\"accordion-text-content-container\">\n\t\t\t\t\t\t<div class=\"accordion-title\">Moment partag\u00e9<\/div>\n\t\t\t\t\t\t<div class=\"accordion-text\"><p>L&#8217;\u00e9quipe vous propose cette recette de brownies, \u00e0 cuisiner et d\u00e9guster avec vos proches.<\/p>\n<\/div>\n\t\t\t\t\t\t<button class=\"accordion-button-toggle\" type=\"button\">\n\t\t\t\t\t\t\t<img decoding=\"async\" src=\"https:\/\/api-k.com\/wp-content\/themes\/k-ip-ignition\/images\/button-open.svg \" alt=\"\" class=\"accordion-picto-open\" \/>\n\n\t\t\t\t\t\t\t<img decoding=\"async\" src=\"https:\/\/api-k.com\/wp-content\/themes\/k-ip-ignition\/images\/button-close.svg \" alt=\"\" class=\"accordion-picto-close\" \/>\n\t\t\t\t\t\t<\/button>\n\t\t\t\t\t<\/div>\n\t\t\t\t<\/div>\n\t\t\t\t\t<\/div>\n\t<\/div>\n<\/div>\n\n\n\n<div class=\"wp-block-column is-layout-flow wp-block-column-is-layout-flow\">\n<div id='block_5326607bf46d1685e3be7f255673eade' class='accordion-block-wrapper disable-responsive-style acf-kip-accordeon-avec-icone anchor-target '>\n\t\t\t<div class=\"accordion-block\">\n\t\t\t\t\t\t\t<div class=\"accordion-content\">\n\t\t\t\t\t\t\t\t\t\t\t<img decoding=\"async\" class=\"accordion-image\" src=\"https:\/\/api-k.com\/wp-content\/uploads\/2023\/11\/Artboard-3@2x.png\" alt=\"\">\n\t\t\t\t\t\t\t\t\t\t<div class=\"accordion-text-content-container\">\n\t\t\t\t\t\t<div class=\"accordion-title\">Facteur, facteur<\/div>\n\t\t\t\t\t\t<div class=\"accordion-text\"><p>Donnez des nouvelles \u00e0 quelqu&#8217;un gr\u00e2ce \u00e0 cette carte postale, pr\u00eate \u00e0 imprimer et compl\u00e8ter<\/p>\n<\/div>\n\t\t\t\t\t\t<button class=\"accordion-button-toggle\" type=\"button\">\n\t\t\t\t\t\t\t<img decoding=\"async\" src=\"https:\/\/api-k.com\/wp-content\/themes\/k-ip-ignition\/images\/button-open.svg \" alt=\"\" class=\"accordion-picto-open\" \/>\n\n\t\t\t\t\t\t\t<img decoding=\"async\" src=\"https:\/\/api-k.com\/wp-content\/themes\/k-ip-ignition\/images\/button-close.svg \" alt=\"\" class=\"accordion-picto-close\" \/>\n\t\t\t\t\t\t<\/button>\n\t\t\t\t\t<\/div>\n\t\t\t\t<\/div>\n\t\t\t\t\t<\/div>\n\t<\/div>\n<\/div>\n<\/div>\n\n\n\n<div class=\"wp-block-columns is-layout-flex wp-container-core-columns-is-layout-9d6595d7 wp-block-columns-is-layout-flex\">\n<div class=\"wp-block-column is-layout-flow wp-block-column-is-layout-flow\">\n<div id='block_e0e9b4563bd9e0df3274484caeb4f746' class='accordion-block-wrapper disable-responsive-style acf-kip-accordeon-avec-icone anchor-target '>\n\t\t\t<div class=\"accordion-block\">\n\t\t\t\t\t\t\t<div class=\"accordion-content\">\n\t\t\t\t\t\t\t\t\t\t\t<img decoding=\"async\" class=\"accordion-image\" src=\"https:\/\/api-k.com\/wp-content\/uploads\/2023\/11\/Artboard-4@2x.png\" alt=\"\">\n\t\t\t\t\t\t\t\t\t\t<div class=\"accordion-text-content-container\">\n\t\t\t\t\t\t<div class=\"accordion-title\">Renouveau digital<\/div>\n\t\t\t\t\t\t<div class=\"accordion-text\"><p>Un nouveau fond d&#8217;\u00e9cran offert par Timoth\u00e9 Nietsche<\/p>\n<\/div>\n\t\t\t\t\t\t<button class=\"accordion-button-toggle\" type=\"button\">\n\t\t\t\t\t\t\t<img decoding=\"async\" src=\"https:\/\/api-k.com\/wp-content\/themes\/k-ip-ignition\/images\/button-open.svg \" alt=\"\" class=\"accordion-picto-open\" \/>\n\n\t\t\t\t\t\t\t<img decoding=\"async\" src=\"https:\/\/api-k.com\/wp-content\/themes\/k-ip-ignition\/images\/button-close.svg \" alt=\"\" class=\"accordion-picto-close\" \/>\n\t\t\t\t\t\t<\/button>\n\t\t\t\t\t<\/div>\n\t\t\t\t<\/div>\n\t\t\t\t\t<\/div>\n\t<\/div>\n<\/div>\n\n\n\n<div class=\"wp-block-column is-layout-flow wp-block-column-is-layout-flow\">\n<div id='block_3cce035963044f18387d12b18d46a188' class='accordion-block-wrapper disable-responsive-style acf-kip-accordeon-avec-icone anchor-target '>\n\t\t\t<div class=\"accordion-block\">\n\t\t\t\t\t\t\t<div class=\"accordion-content\">\n\t\t\t\t\t\t\t\t\t\t\t<img decoding=\"async\" class=\"accordion-image\" src=\"https:\/\/api-k.com\/wp-content\/uploads\/2023\/11\/Artboard-5@2x.png\" alt=\"\">\n\t\t\t\t\t\t\t\t\t\t<div class=\"accordion-text-content-container\">\n\t\t\t\t\t\t<div class=\"accordion-title\">Cadeau <\/div>\n\t\t\t\t\t\t<div class=\"accordion-text\"><p>Une pochette \u00e9tanche offerte pour tout achat d&#8217;un KIP avec le code cadeau_noel.<\/p>\n<\/div>\n\t\t\t\t\t\t<button class=\"accordion-button-toggle\" type=\"button\">\n\t\t\t\t\t\t\t<img decoding=\"async\" src=\"https:\/\/api-k.com\/wp-content\/themes\/k-ip-ignition\/images\/button-open.svg \" alt=\"\" class=\"accordion-picto-open\" \/>\n\n\t\t\t\t\t\t\t<img decoding=\"async\" src=\"https:\/\/api-k.com\/wp-content\/themes\/k-ip-ignition\/images\/button-close.svg \" alt=\"\" class=\"accordion-picto-close\" \/>\n\t\t\t\t\t\t<\/button>\n\t\t\t\t\t<\/div>\n\t\t\t\t<\/div>\n\t\t\t\t\t<\/div>\n\t<\/div>\n<\/div>\n<\/div>\n","protected":false},"excerpt":{"rendered":"","protected":false},"author":18,"featured_media":0,"parent":0,"menu_order":0,"comment_status":"closed","ping_status":"closed","template":"","meta":{"inline_featured_image":false,"_monsterinsights_skip_tracking":false,"_monsterinsights_sitenote_active":false,"_monsterinsights_sitenote_note":"","_monsterinsights_sitenote_category":0,"footnotes":""},"class_list":["post-12906","page","type-page","status-publish","hentry"],"acf":[],"aioseo_notices":[],"yoast_head":"<!-- This site is optimized with the Yoast SEO plugin v21.6 - https:\/\/yoast.com\/wordpress\/plugins\/seo\/ -->\n<title>CALENDRIER DE L&#039;AVENT APIK 2023 - APIK<\/title>\n<meta name=\"robots\" content=\"index, follow, max-snippet:-1, max-image-preview:large, max-video-preview:-1\" \/>\n<link rel=\"canonical\" href=\"https:\/\/api-k.com\/en\/calendrier-de-lavent-apik-2023\/\" \/>\n<meta property=\"og:locale\" content=\"en_US\" \/>\n<meta property=\"og:type\" content=\"article\" \/>\n<meta property=\"og:title\" content=\"CALENDRIER DE L&#039;AVENT APIK 2023 - APIK\" \/>\n<meta property=\"og:url\" content=\"https:\/\/api-k.com\/en\/calendrier-de-lavent-apik-2023\/\" \/>\n<meta property=\"og:site_name\" content=\"APIK\" \/>\n<meta property=\"article:publisher\" content=\"https:\/\/www.facebook.com\/APIKMediaLink\/\" \/>\n<meta property=\"article:modified_time\" content=\"2023-11-29T15:03:49+00:00\" \/>\n<meta property=\"og:image\" content=\"https:\/\/api-k.com\/wp-content\/uploads\/2021\/12\/Fichier-2-1.png\" \/>\n\t<meta property=\"og:image:width\" content=\"366\" \/>\n\t<meta property=\"og:image:height\" content=\"204\" \/>\n\t<meta property=\"og:image:type\" content=\"image\/png\" \/>\n<meta name=\"twitter:card\" content=\"summary_large_image\" \/>\n<meta name=\"twitter:site\" content=\"@APIKsolution\" \/>\n<script type=\"application\/ld+json\" class=\"yoast-schema-graph\">{\"@context\":\"https:\/\/schema.org\",\"@graph\":[{\"@type\":\"WebPage\",\"@id\":\"https:\/\/api-k.com\/en\/calendrier-de-lavent-apik-2023\/\",\"url\":\"https:\/\/api-k.com\/en\/calendrier-de-lavent-apik-2023\/\",\"name\":\"CALENDRIER DE L'AVENT APIK 2023 - APIK\",\"isPartOf\":{\"@id\":\"https:\/\/api-k.com\/en\/#website\"},\"datePublished\":\"2023-11-29T13:15:16+00:00\",\"dateModified\":\"2023-11-29T15:03:49+00:00\",\"breadcrumb\":{\"@id\":\"https:\/\/api-k.com\/en\/calendrier-de-lavent-apik-2023\/#breadcrumb\"},\"inLanguage\":\"en-US\",\"potentialAction\":[{\"@type\":\"ReadAction\",\"target\":[\"https:\/\/api-k.com\/en\/calendrier-de-lavent-apik-2023\/\"]}]},{\"@type\":\"BreadcrumbList\",\"@id\":\"https:\/\/api-k.com\/en\/calendrier-de-lavent-apik-2023\/#breadcrumb\",\"itemListElement\":[{\"@type\":\"ListItem\",\"position\":1,\"name\":\"Home\",\"item\":\"https:\/\/api-k.com\/en\/\"},{\"@type\":\"ListItem\",\"position\":2,\"name\":\"CALENDRIER DE L&#8217;AVENT APIK 2023\"}]},{\"@type\":\"WebSite\",\"@id\":\"https:\/\/api-k.com\/en\/#website\",\"url\":\"https:\/\/api-k.com\/en\/\",\"name\":\"APIK\",\"description\":\"S\u00e9curit\u00e9 &amp; G\u00e9opositionnement\",\"publisher\":{\"@id\":\"https:\/\/api-k.com\/en\/#organization\"},\"potentialAction\":[{\"@type\":\"SearchAction\",\"target\":{\"@type\":\"EntryPoint\",\"urlTemplate\":\"https:\/\/api-k.com\/en\/?s={search_term_string}\"},\"query-input\":\"required name=search_term_string\"}],\"inLanguage\":\"en-US\"},{\"@type\":\"Organization\",\"@id\":\"https:\/\/api-k.com\/en\/#organization\",\"name\":\"K-IP\",\"url\":\"https:\/\/api-k.com\/en\/\",\"logo\":{\"@type\":\"ImageObject\",\"inLanguage\":\"en-US\",\"@id\":\"https:\/\/api-k.com\/en\/#\/schema\/logo\/image\/\",\"url\":\"https:\/\/api-k.com\/wp-content\/uploads\/2021\/12\/Frame-1-1.png\",\"contentUrl\":\"https:\/\/api-k.com\/wp-content\/uploads\/2021\/12\/Frame-1-1.png\",\"width\":329,\"height\":70,\"caption\":\"K-IP\"},\"image\":{\"@id\":\"https:\/\/api-k.com\/en\/#\/schema\/logo\/image\/\"},\"sameAs\":[\"https:\/\/www.facebook.com\/APIKMediaLink\/\",\"https:\/\/twitter.com\/APIKsolution\",\"https:\/\/www.instagram.com\/kip_konnected\/\",\"https:\/\/www.linkedin.com\/company\/api-k\/\"]}]}<\/script>\n<!-- \/ Yoast SEO plugin. -->","yoast_head_json":{"title":"CALENDRIER DE L'AVENT APIK 2023 - APIK","robots":{"index":"index","follow":"follow","max-snippet":"max-snippet:-1","max-image-preview":"max-image-preview:large","max-video-preview":"max-video-preview:-1"},"canonical":"https:\/\/api-k.com\/en\/calendrier-de-lavent-apik-2023\/","og_locale":"en_US","og_type":"article","og_title":"CALENDRIER DE L'AVENT APIK 2023 - APIK","og_url":"https:\/\/api-k.com\/en\/calendrier-de-lavent-apik-2023\/","og_site_name":"APIK","article_publisher":"https:\/\/www.facebook.com\/APIKMediaLink\/","article_modified_time":"2023-11-29T15:03:49+00:00","og_image":[{"width":366,"height":204,"url":"https:\/\/api-k.com\/wp-content\/uploads\/2021\/12\/Fichier-2-1.png","type":"image\/png"}],"twitter_card":"summary_large_image","twitter_site":"@APIKsolution","schema":{"@context":"https:\/\/schema.org","@graph":[{"@type":"WebPage","@id":"https:\/\/api-k.com\/en\/calendrier-de-lavent-apik-2023\/","url":"https:\/\/api-k.com\/en\/calendrier-de-lavent-apik-2023\/","name":"CALENDRIER DE L'AVENT APIK 2023 - APIK","isPartOf":{"@id":"https:\/\/api-k.com\/en\/#website"},"datePublished":"2023-11-29T13:15:16+00:00","dateModified":"2023-11-29T15:03:49+00:00","breadcrumb":{"@id":"https:\/\/api-k.com\/en\/calendrier-de-lavent-apik-2023\/#breadcrumb"},"inLanguage":"en-US","potentialAction":[{"@type":"ReadAction","target":["https:\/\/api-k.com\/en\/calendrier-de-lavent-apik-2023\/"]}]},{"@type":"BreadcrumbList","@id":"https:\/\/api-k.com\/en\/calendrier-de-lavent-apik-2023\/#breadcrumb","itemListElement":[{"@type":"ListItem","position":1,"name":"Home","item":"https:\/\/api-k.com\/en\/"},{"@type":"ListItem","position":2,"name":"CALENDRIER DE L&#8217;AVENT APIK 2023"}]},{"@type":"WebSite","@id":"https:\/\/api-k.com\/en\/#website","url":"https:\/\/api-k.com\/en\/","name":"APIK","description":"S\u00e9curit\u00e9 &amp; G\u00e9opositionnement","publisher":{"@id":"https:\/\/api-k.com\/en\/#organization"},"potentialAction":[{"@type":"SearchAction","target":{"@type":"EntryPoint","urlTemplate":"https:\/\/api-k.com\/en\/?s={search_term_string}"},"query-input":"required name=search_term_string"}],"inLanguage":"en-US"},{"@type":"Organization","@id":"https:\/\/api-k.com\/en\/#organization","name":"K-IP","url":"https:\/\/api-k.com\/en\/","logo":{"@type":"ImageObject","inLanguage":"en-US","@id":"https:\/\/api-k.com\/en\/#\/schema\/logo\/image\/","url":"https:\/\/api-k.com\/wp-content\/uploads\/2021\/12\/Frame-1-1.png","contentUrl":"https:\/\/api-k.com\/wp-content\/uploads\/2021\/12\/Frame-1-1.png","width":329,"height":70,"caption":"K-IP"},"image":{"@id":"https:\/\/api-k.com\/en\/#\/schema\/logo\/image\/"},"sameAs":["https:\/\/www.facebook.com\/APIKMediaLink\/","https:\/\/twitter.com\/APIKsolution","https:\/\/www.instagram.com\/kip_konnected\/","https:\/\/www.linkedin.com\/company\/api-k\/"]}]}},"_links":{"self":[{"href":"https:\/\/api-k.com\/en\/wp-json\/wp\/v2\/pages\/12906","targetHints":{"allow":["GET"]}}],"collection":[{"href":"https:\/\/api-k.com\/en\/wp-json\/wp\/v2\/pages"}],"about":[{"href":"https:\/\/api-k.com\/en\/wp-json\/wp\/v2\/types\/page"}],"author":[{"embeddable":true,"href":"https:\/\/api-k.com\/en\/wp-json\/wp\/v2\/users\/18"}],"replies":[{"embeddable":true,"href":"https:\/\/api-k.com\/en\/wp-json\/wp\/v2\/comments?post=12906"}],"version-history":[{"count":13,"href":"https:\/\/api-k.com\/en\/wp-json\/wp\/v2\/pages\/12906\/revisions"}],"predecessor-version":[{"id":12950,"href":"https:\/\/api-k.com\/en\/wp-json\/wp\/v2\/pages\/12906\/revisions\/12950"}],"wp:attachment":[{"href":"https:\/\/api-k.com\/en\/wp-json\/wp\/v2\/media?parent=12906"}],"curies":[{"name":"wp","href":"https:\/\/api.w.org\/{rel}","templated":true}]}}