{"id":2714,"date":"2022-02-15T16:35:18","date_gmt":"2022-02-15T15:35:18","guid":{"rendered":"https:\/\/api-k.com\/politique-de-confidentialite\/"},"modified":"2023-03-31T11:09:09","modified_gmt":"2023-03-31T09:09:09","slug":"privacy-policy","status":"publish","type":"page","link":"https:\/\/api-k.com\/en\/privacy-policy\/","title":{"rendered":"Privacy policy"},"content":{"rendered":"\n<p>Privacy Policy<\/p>\n\n<p>Updated January 25, 2022<\/p>\n\n<p>This Privacy Policy is addressed to you, as a user of the website www.api-k.com and www.api-k.com (hereinafter the &#8220;Sites&#8221;). It is written with the aim of describing and informing you of the processing that can be carried out via the Sites.<\/p>\n\n<p>The Site is published by API-K, whose information is available under the &#8220;Legal Notices&#8221; (&#8220;We&#8221;) tab.<\/p>\n\n<p>We are concerned about the protection of your privacy and the confidentiality of your personal data.<\/p>\n\n<p>This Policy allows Us to specify who controls and manages the personal data collected via the Sites, as well as the personal information collected, the purposes and methods of processing, the extent of data transfers. Similarly, the Policy specifies the security measures that We put in place to protect your data, and informs you of all your rights over your personal data, in accordance with European Union regulations.<\/p>\n\n<p>API-K is responsible for the processing of personal data collected on our Sites in accordance with the laws and regulations applicable to data confidentiality, in particular Regulation (EU) 2016\/679 of the European Parliament and of the Council of April 27, 2016 known as \u201c General Data Protection Regulations&#8221; and Law No. 78-17 of January 6, 1978 known as the &#8220;Data Protection Act&#8221; as amended (together hereinafter referred to as &#8220;GDPR&#8221;).<\/p>\n\n<p>If you have any questions about the Privacy Policy, please do not hesitate to contact us:<\/p>\n<div class=\"block-core-list\">\n<ul class=\"wp-block-list\">\n<li>Par email\u00a0: <a href=\"mailto:privacy@api-k.com\">privacy@api-k.com<\/a><\/li>\n\n\n\n<li>By post\u00a0: \u00a0API-K \u2013 Protection des donn\u00e9es personnelles &#8211; 48 Avenue Lac du Bourget 73370 Le Bourget-du-Lac (France)<\/li>\n<\/ul>\n<\/div><div class=\"block-core-list\">\n<ol class=\"wp-block-list\" type=\"1\">\n<li><strong>Quelles sont les donn\u00e9es personnelles que Nous traitons, sur quelles bases l\u00e9gales ces traitements sont-ils fond\u00e9s, quelles sont les finalit\u00e9s qu\u2019ils remplissent et pendant combien de temps les donn\u00e9es sont-elles conserv\u00e9es\u00a0?<\/strong><\/li>\n<\/ol>\n<\/div>\n<p>Identification data: this includes your contact details required for our commercial relationship and in particular to create your online customer account, in particular your first name(s), last name(s), e-mail address, telephone number, username and password.<\/p>\n\n<p>Communications Data: This includes your preferences in receiving marketing or advertising solicitations from us.<\/p>\n\n<p>Profile Data: This includes your interests, preferences, testimonials, reviews and responses to any surveys.<\/p>\n\n<p>Order Data: This includes your purchase history and order details, information relating to your payments or our refunds and details of the products you have purchased from us. We will not directly collect or process your banking information. Payments are processed by a specialist service provider (indicated in Section 2 below) via a secure online payment platform and are never sent via our Sites in clear text but encrypted to high security standards. Order Data also includes information you provide to us when requesting further information about a product or order or when contacting our customer service department.<\/p>\n\n<figure class=\"wp-block-table\"><table><tbody><tr><td>Purpose(s)<\/td><td>Data processed<\/td><td>Legal basis(s)<\/td><td>Shelf life in active database<\/td><\/tr><tr><td>Creation and management of your customer account<\/td><td>Identification data Profile data<\/td><td>Performance of a contract<\/td><td>Until your request to delete the account or at the latest 3 years after your last contact with us.<\/td><\/tr><tr><td>Processing and fulfillment of your orders<\/td><td>Identification data Order data<\/td><td>Performance of a contract<\/td><td>Until your request to delete the account or at the latest 3 years after your last contact with us<\/td><\/tr><tr><td>To respond to you and resolve your queries<\/td><td>Identification data Order data<\/td><td>Performance of a contract<\/td><td>Until the closure of your request or request<\/td><\/tr><tr><td>For marketing purposes<\/td><td>Identification data Profile data Communication data<\/td><td>Your consent<\/td><td>Until your withdrawal of consent or at the latest 3 years after your last contact with us<\/td><\/tr><tr><td>To manage our relationship with you<\/td><td>Identification data Order data Profile data<\/td><td>Our legitimate interest<\/td><td>Until your request to delete the account or at the latest 3 years after your last contact with us<\/td><\/tr><tr><td>To ensure that you can exercise your rights (as listed below)<\/td><td>Identification data<\/td><td>Legal obligation<\/td><td>Until your request to delete the account or at the latest 3 years after your last contact with us<\/td><\/tr><tr><td>Assert and defend the rights of the data controller or third parties before the judicial authorities<\/td><td>Identification data Order data Communication data<\/td><td>Our legitimate interest<\/td><td>Until the end of the legal prescription \u2013 Article L110.4 of the Commercial Code<\/td><\/tr><tr><td>To prevent fraud and ensure the regularity of transactions<\/td><td>Identification data Order data<\/td><td>Our legitimate interest (preventing fraud or guaranteeing the security of the network and information of your computer systems)<\/td><td>5 ans<\/td><\/tr><\/tbody><\/table><\/figure>\n<div class=\"block-core-list\">\n<ul class=\"wp-block-list\">\n<li>Data recipients, subcontractors and service providers<\/li>\n<\/ul>\n<\/div>\n<p>Only the authorized and determined persons mentioned below will be able to have access to your data:<\/p>\n<div class=\"block-core-list\">\n<ul class=\"wp-block-list\">\n<li>authorized APIK personnel,<\/li>\n\n\n\n<li>the APIK subcontractors, the list of which can be communicated to you on request at the address privacy@api-k.com<\/li>\n\n\n\n<li>the Sites hosts is Microsoft Azure and KINSTA If you want to know more about their data protection policy, we invite you to click on the following link: https:\/\/azure.microsoft.com\/fr-fr\/overview\/trusted-cloud\/privacy\/<\/li>\n\n\n\n<li>the payment provider STRIPE and PAYPAL, as data controller. If you want to know more about their data protection policy, we invite you to click on the following link: https:\/\/stripe.com\/fr\/privacy and https:\/\/www.paypal.com\/fr\/webapps\/ mpp\/paypal-and-your-data<\/li>\n<\/ul>\n<\/div><div class=\"block-core-list\">\n<ul class=\"wp-block-list\">\n<li>The courts concerned, mediators, chartered accountants, auditors, lawyers, bailiffs, debt collection companies,<\/li>\n<\/ul>\n<\/div>\n<p>Your data is not communicated, exchanged, sold or rented to any other person than those mentioned above.<\/p>\n\n<p>Users of the Sites understand and accept that their username and password will be shared between the Sites and the APIK Applications (the &#8220;Applications&#8221;) and that they will therefore be able to connect to the Applications, with the same username and password used on the personal space of the Sites<\/p>\n<div class=\"block-core-list\">\n<ul class=\"wp-block-list\">\n<li><strong>Cookies<\/strong><\/li>\n<\/ul>\n<\/div>\n<p>The deposit of cookies on your terminal, during the consultation and use of the Websites are governed by the Cookies Policy which we invite you to read carefully.<\/p>\n<div class=\"block-core-list\">\n<ul class=\"wp-block-list\">\n<li>Your rights<\/li>\n<\/ul>\n<\/div><div class=\"block-core-list\">\n<ol class=\"wp-block-list\" type=\"a\">\n<li>Rights of access, erasure, rectification and withdrawal of consent<\/li>\n<\/ol>\n<\/div>\n<p>In accordance with the Data Protection Act, as well as the GDPR, you have the right to obtain the communication and, if necessary, the rectification or the deletion of the data concerning you, by contacting:<\/p>\n<div class=\"block-core-list\">\n<ul class=\"wp-block-list\">\n<li>email address: privacy@api-k.com<\/li>\n\n\n\n<li><strong>by post<\/strong> : API-K \u2013 Protection des donn\u00e9es personnelles &#8211; 48 Avenue Lac du Bourget 73370 Le Bourget-du-Lac (France)<\/li>\n<\/ul>\n<\/div>\n<p>You can also exercise your right to withdraw consent at any time, for data that has been collected and is processed on the basis of this legal basis.<\/p>\n<div class=\"block-core-list\">\n<ul class=\"wp-block-list\">\n<li>Right of opposition<\/li>\n<\/ul>\n<\/div>\n<p>You have the possibility of opposing, for legitimate reasons, to appear in a file, and can refuse without having to justify yourself, that the data which concern you are used for commercial prospecting purposes.<\/p>\n\n<p>In addition, you have the possibility to object at any time, for reasons relating to your particular situation, to the processing listed in Article 21 of the GDPR.<\/p>\n<div class=\"block-core-list\">\n<ul class=\"wp-block-list\">\n<li>Right to portability<\/li>\n<\/ul>\n<\/div>\n<p>You have a right to the portability of the personal data that you have provided to us, understood as the data that you have actively and consciously declared in the context of accessing and using the Sites and its services, as well as data generated by your activity in the context of the use of the Sites and its services. We remind you that this right relates only to data collected and processed on the legal basis of consent or the performance of the contract binding us.<\/p>\n\n<p>This right can be exercised free of charge, at any time, and in particular when closing your account on the Sites, by contacting us at the addresses mentioned in Article 4.a).<\/p>\n\n<p>In this context, we will send you your personal data, by any means deemed useful, in an open standard format commonly used and machine-readable, in accordance with the state of the art.<\/p>\n<div class=\"block-core-list\">\n<ul class=\"wp-block-list\">\n<li>Right to restriction of processing<\/li>\n<\/ul>\n<\/div>\n<p>You are reminded that you also have the right to limit the processing of your personal data, understood as freezing the use of your data. You have the right to obtain the limitation of the processing of your personal data, in the following cases:<\/p>\n<div class=\"block-core-list\">\n<ul class=\"wp-block-list\">\n<li>During the period of verification that we implement, when you dispute the accuracy of your personal data;<\/li>\n\n\n\n<li>When the processing of this data is unlawful, and you wish to limit this processing rather than delete your data;<\/li>\n\n\n\n<li>When We no longer need your personal data, but you wish to keep them to exercise your rights; And<\/li>\n\n\n\n<li>During the legitimate grounds verification period, when you have objected to the processing of your personal data.<\/li>\n<\/ul>\n<\/div>\n<p>You can exercise this right by contacting Us at the addresses mentioned in Article 4.a).<\/p>\n<div class=\"block-core-list\">\n<ul class=\"wp-block-list\">\n<li>Right not to be the subject of a decision based exclusively on automated processing<\/li>\n<\/ul>\n<\/div>\n<p>You are reminded that you have the right not to be the subject of a fully automated decision which would produce a legal effect or affect you under substantially similar conditions, unless you have given Us your express consent, if this processing is necessary for the conclusion or performance of a contract, or if it is authorized by specific legal provisions.<\/p>\n\n<p>In any case, We must inform you if such a fully automated decision has been taken against you and you can:<\/p>\n<div class=\"block-core-list\">\n<ul class=\"wp-block-list\">\n<li>Ask to know the logic and the criteria used to make this decision,<\/li>\n\n\n\n<li>Challenge the decision and express your point of view,<\/li>\n\n\n\n<li>Request the intervention of a human being who can reconsider the decision, by contacting Us at the addresses mentioned in Article 4.a).<\/li>\n<\/ul>\n<\/div><div class=\"block-core-list\">\n<ul class=\"wp-block-list\">\n<li>Lodging a complaint before a supervisory authority<\/li>\n<\/ul>\n<\/div>\n<p>You are also informed that you have the right to lodge a complaint with a competent supervisory authority (the Commission Nationale Informatique et Libert\u00e9s for France), in the Member State in which your habitual residence is located, your work or the place where the violation of your rights would have been committed, if you consider that the processing of your personal data subject of this Policy constitutes a violation of the applicable texts.<\/p>\n\n<p>Ce recours pourra \u00eatre exerc\u00e9 sans pr\u00e9judice de tout autre recours devant une juridiction administrative ou juridictionnelle. En effet, vous disposez \u00e9galement d\u2019un droit \u00e0 un recours administratif ou juridictionnel effectif si vous consid\u00e9rez que traitement de vos donn\u00e9es \u00e0 caract\u00e8re personnel objet de la pr\u00e9sente Politique constitue une violation des textes applicables.<\/p>\n\n<p>To find out more about your rights, you can also consult the website of the Commission Nationale de l&#8217;Informatique et des Libert\u00e9s, accessible at the following address: https:\/\/cnil.fr<\/p>\n<div class=\"block-core-list\">\n<ul class=\"wp-block-list\">\n<li><strong>Security<\/strong><\/li>\n<\/ul>\n<\/div>\n<p>We and our potential subcontractors undertake to implement all technical and organizational measures to ensure the security of our processing of personal data and the confidentiality of your data, in application of the Data Protection Act and of the European Data Protection Regulation (GDPR) and Law No. 2018-133 of February 26, 2018 &#8220;on various provisions for adaptation to European Union law in the field of security&#8221;.<\/p>\n\n<p>As such, We take the necessary precautions, with regard to the nature of your data and the risks presented by their processing, to preserve the security of the data and, in particular, to prevent them from being distorted, damaged, or that third parties not have access to it (physical protection of the premises, authentication process for our customers with personal and secure access via confidential identifiers and passwords, logging of connections, encryption of certain data, etc.).<\/p>\n<div class=\"block-core-list\">\n<ul class=\"wp-block-list\">\n<li><strong>Transfers outside the UE<\/strong><\/li>\n<\/ul>\n<\/div>\n<p>We undertake to make our best efforts not to transfer your data outside the European Union.<\/p>\n\n<p>In the event that We should do so, We confirm that measures controlling this (these) transfer(s) will be taken to ensure respect for the confidentiality and integrity of your data.<\/p>\n<div class=\"block-core-list\">\n<ul class=\"wp-block-list\">\n<li><strong>Modifications<\/strong><\/li>\n<\/ul>\n<\/div>\n<p>We reserve the right, at our sole discretion, to modify this Policy, in whole or in part, at any time.<\/p>\n\n<p>These changes will take effect upon posting of the new Privacy Policy.<\/p>\n\n<p>Except for substantial modification(s) requiring your express consent, your use of the Sites, following the entry into force of these modifications, will constitute acknowledgment and acceptance of the new privacy policy. Failing this, and if this new privacy policy does not suit you, you must no longer use the Sites and will be able to exercise your rights at the addresses mentioned in Article 4.a) hereof.<\/p>\n","protected":false},"excerpt":{"rendered":"<p>Privacy Policy Updated January 25, 2022 This Privacy Policy is addressed to you, as a user of the website www.api-k.com and www.api-k.com (hereinafter the &#8220;Sites&#8221;). It is written with the aim of describing and informing you of the processing that can be carried out via the Sites. The Site is published by API-K, whose information&hellip; <\/p>\n","protected":false},"author":18,"featured_media":0,"parent":0,"menu_order":0,"comment_status":"closed","ping_status":"closed","template":"","meta":{"inline_featured_image":false,"_monsterinsights_skip_tracking":false,"_monsterinsights_sitenote_active":false,"_monsterinsights_sitenote_note":"","_monsterinsights_sitenote_category":0,"footnotes":""},"class_list":["post-2714","page","type-page","status-publish","hentry"],"acf":[],"aioseo_notices":[],"yoast_head":"<!-- This site is optimized with the Yoast SEO plugin v21.6 - https:\/\/yoast.com\/wordpress\/plugins\/seo\/ -->\n<title>Privacy policy - APIK<\/title>\n<meta name=\"robots\" content=\"index, follow, max-snippet:-1, max-image-preview:large, max-video-preview:-1\" \/>\n<link rel=\"canonical\" href=\"https:\/\/api-k.com\/en\/privacy-policy\/\" \/>\n<meta property=\"og:locale\" content=\"en_US\" \/>\n<meta property=\"og:type\" content=\"article\" \/>\n<meta property=\"og:title\" content=\"Privacy policy - APIK\" \/>\n<meta property=\"og:description\" content=\"Privacy Policy Updated January 25, 2022 This Privacy Policy is addressed to you, as a user of the website www.api-k.com and www.api-k.com (hereinafter the &#8220;Sites&#8221;). It is written with the aim of describing and informing you of the processing that can be carried out via the Sites. The Site is published by API-K, whose information&hellip;\" \/>\n<meta property=\"og:url\" content=\"https:\/\/api-k.com\/en\/privacy-policy\/\" \/>\n<meta property=\"og:site_name\" content=\"APIK\" \/>\n<meta property=\"article:publisher\" content=\"https:\/\/www.facebook.com\/APIKMediaLink\/\" \/>\n<meta property=\"article:modified_time\" content=\"2023-03-31T09:09:09+00:00\" \/>\n<meta property=\"og:image\" content=\"https:\/\/api-k.com\/wp-content\/uploads\/2021\/12\/Fichier-2-1.png\" \/>\n\t<meta property=\"og:image:width\" content=\"366\" \/>\n\t<meta property=\"og:image:height\" content=\"204\" \/>\n\t<meta property=\"og:image:type\" content=\"image\/png\" \/>\n<meta name=\"twitter:card\" content=\"summary_large_image\" \/>\n<meta name=\"twitter:site\" content=\"@APIKsolution\" \/>\n<meta name=\"twitter:label1\" content=\"Est. reading time\" \/>\n\t<meta name=\"twitter:data1\" content=\"10 minutes\" \/>\n<script type=\"application\/ld+json\" class=\"yoast-schema-graph\">{\"@context\":\"https:\/\/schema.org\",\"@graph\":[{\"@type\":\"WebPage\",\"@id\":\"https:\/\/api-k.com\/en\/privacy-policy\/\",\"url\":\"https:\/\/api-k.com\/en\/privacy-policy\/\",\"name\":\"Privacy policy - APIK\",\"isPartOf\":{\"@id\":\"https:\/\/api-k.com\/en\/#website\"},\"datePublished\":\"2022-02-15T15:35:18+00:00\",\"dateModified\":\"2023-03-31T09:09:09+00:00\",\"breadcrumb\":{\"@id\":\"https:\/\/api-k.com\/en\/privacy-policy\/#breadcrumb\"},\"inLanguage\":\"en-US\",\"potentialAction\":[{\"@type\":\"ReadAction\",\"target\":[\"https:\/\/api-k.com\/en\/privacy-policy\/\"]}]},{\"@type\":\"BreadcrumbList\",\"@id\":\"https:\/\/api-k.com\/en\/privacy-policy\/#breadcrumb\",\"itemListElement\":[{\"@type\":\"ListItem\",\"position\":1,\"name\":\"Home\",\"item\":\"https:\/\/api-k.com\/en\/\"},{\"@type\":\"ListItem\",\"position\":2,\"name\":\"Privacy policy\"}]},{\"@type\":\"WebSite\",\"@id\":\"https:\/\/api-k.com\/en\/#website\",\"url\":\"https:\/\/api-k.com\/en\/\",\"name\":\"APIK\",\"description\":\"S\u00e9curit\u00e9 &amp; G\u00e9opositionnement\",\"publisher\":{\"@id\":\"https:\/\/api-k.com\/en\/#organization\"},\"potentialAction\":[{\"@type\":\"SearchAction\",\"target\":{\"@type\":\"EntryPoint\",\"urlTemplate\":\"https:\/\/api-k.com\/en\/?s={search_term_string}\"},\"query-input\":\"required name=search_term_string\"}],\"inLanguage\":\"en-US\"},{\"@type\":\"Organization\",\"@id\":\"https:\/\/api-k.com\/en\/#organization\",\"name\":\"K-IP\",\"url\":\"https:\/\/api-k.com\/en\/\",\"logo\":{\"@type\":\"ImageObject\",\"inLanguage\":\"en-US\",\"@id\":\"https:\/\/api-k.com\/en\/#\/schema\/logo\/image\/\",\"url\":\"https:\/\/api-k.com\/wp-content\/uploads\/2021\/12\/Frame-1-1.png\",\"contentUrl\":\"https:\/\/api-k.com\/wp-content\/uploads\/2021\/12\/Frame-1-1.png\",\"width\":329,\"height\":70,\"caption\":\"K-IP\"},\"image\":{\"@id\":\"https:\/\/api-k.com\/en\/#\/schema\/logo\/image\/\"},\"sameAs\":[\"https:\/\/www.facebook.com\/APIKMediaLink\/\",\"https:\/\/twitter.com\/APIKsolution\",\"https:\/\/www.instagram.com\/kip_konnected\/\",\"https:\/\/www.linkedin.com\/company\/api-k\/\"]}]}<\/script>\n<!-- \/ Yoast SEO plugin. -->","yoast_head_json":{"title":"Privacy policy - APIK","robots":{"index":"index","follow":"follow","max-snippet":"max-snippet:-1","max-image-preview":"max-image-preview:large","max-video-preview":"max-video-preview:-1"},"canonical":"https:\/\/api-k.com\/en\/privacy-policy\/","og_locale":"en_US","og_type":"article","og_title":"Privacy policy - APIK","og_description":"Privacy Policy Updated January 25, 2022 This Privacy Policy is addressed to you, as a user of the website www.api-k.com and www.api-k.com (hereinafter the &#8220;Sites&#8221;). It is written with the aim of describing and informing you of the processing that can be carried out via the Sites. The Site is published by API-K, whose information&hellip;","og_url":"https:\/\/api-k.com\/en\/privacy-policy\/","og_site_name":"APIK","article_publisher":"https:\/\/www.facebook.com\/APIKMediaLink\/","article_modified_time":"2023-03-31T09:09:09+00:00","og_image":[{"width":366,"height":204,"url":"https:\/\/api-k.com\/wp-content\/uploads\/2021\/12\/Fichier-2-1.png","type":"image\/png"}],"twitter_card":"summary_large_image","twitter_site":"@APIKsolution","twitter_misc":{"Est. reading time":"10 minutes"},"schema":{"@context":"https:\/\/schema.org","@graph":[{"@type":"WebPage","@id":"https:\/\/api-k.com\/en\/privacy-policy\/","url":"https:\/\/api-k.com\/en\/privacy-policy\/","name":"Privacy policy - APIK","isPartOf":{"@id":"https:\/\/api-k.com\/en\/#website"},"datePublished":"2022-02-15T15:35:18+00:00","dateModified":"2023-03-31T09:09:09+00:00","breadcrumb":{"@id":"https:\/\/api-k.com\/en\/privacy-policy\/#breadcrumb"},"inLanguage":"en-US","potentialAction":[{"@type":"ReadAction","target":["https:\/\/api-k.com\/en\/privacy-policy\/"]}]},{"@type":"BreadcrumbList","@id":"https:\/\/api-k.com\/en\/privacy-policy\/#breadcrumb","itemListElement":[{"@type":"ListItem","position":1,"name":"Home","item":"https:\/\/api-k.com\/en\/"},{"@type":"ListItem","position":2,"name":"Privacy policy"}]},{"@type":"WebSite","@id":"https:\/\/api-k.com\/en\/#website","url":"https:\/\/api-k.com\/en\/","name":"APIK","description":"S\u00e9curit\u00e9 &amp; G\u00e9opositionnement","publisher":{"@id":"https:\/\/api-k.com\/en\/#organization"},"potentialAction":[{"@type":"SearchAction","target":{"@type":"EntryPoint","urlTemplate":"https:\/\/api-k.com\/en\/?s={search_term_string}"},"query-input":"required name=search_term_string"}],"inLanguage":"en-US"},{"@type":"Organization","@id":"https:\/\/api-k.com\/en\/#organization","name":"K-IP","url":"https:\/\/api-k.com\/en\/","logo":{"@type":"ImageObject","inLanguage":"en-US","@id":"https:\/\/api-k.com\/en\/#\/schema\/logo\/image\/","url":"https:\/\/api-k.com\/wp-content\/uploads\/2021\/12\/Frame-1-1.png","contentUrl":"https:\/\/api-k.com\/wp-content\/uploads\/2021\/12\/Frame-1-1.png","width":329,"height":70,"caption":"K-IP"},"image":{"@id":"https:\/\/api-k.com\/en\/#\/schema\/logo\/image\/"},"sameAs":["https:\/\/www.facebook.com\/APIKMediaLink\/","https:\/\/twitter.com\/APIKsolution","https:\/\/www.instagram.com\/kip_konnected\/","https:\/\/www.linkedin.com\/company\/api-k\/"]}]}},"_links":{"self":[{"href":"https:\/\/api-k.com\/en\/wp-json\/wp\/v2\/pages\/2714","targetHints":{"allow":["GET"]}}],"collection":[{"href":"https:\/\/api-k.com\/en\/wp-json\/wp\/v2\/pages"}],"about":[{"href":"https:\/\/api-k.com\/en\/wp-json\/wp\/v2\/types\/page"}],"author":[{"embeddable":true,"href":"https:\/\/api-k.com\/en\/wp-json\/wp\/v2\/users\/18"}],"replies":[{"embeddable":true,"href":"https:\/\/api-k.com\/en\/wp-json\/wp\/v2\/comments?post=2714"}],"version-history":[{"count":7,"href":"https:\/\/api-k.com\/en\/wp-json\/wp\/v2\/pages\/2714\/revisions"}],"predecessor-version":[{"id":11281,"href":"https:\/\/api-k.com\/en\/wp-json\/wp\/v2\/pages\/2714\/revisions\/11281"}],"wp:attachment":[{"href":"https:\/\/api-k.com\/en\/wp-json\/wp\/v2\/media?parent=2714"}],"curies":[{"name":"wp","href":"https:\/\/api.w.org\/{rel}","templated":true}]}}