{"id":2863,"date":"2022-01-11T10:24:24","date_gmt":"2022-01-11T09:24:24","guid":{"rendered":"https:\/\/api-k.com\/produits-services\/"},"modified":"2023-05-15T17:17:54","modified_gmt":"2023-05-15T15:17:54","slug":"products-services","status":"publish","type":"page","link":"https:\/\/api-k.com\/en\/products-services\/","title":{"rendered":"Our e-shop"},"content":{"rendered":"<section id='block_144b26382da4a4d8923a8a29a9b90cfb' class='k-ip-section-content-block acf-k-ip-section-de-contenu anchor-target alignwide '>\n\t<div class=\"container-content\" \n\t>\n\t\t\n\n<div id='block_1a0da3da639de11e3ae8942e62dbb6dd' class='rich-text-section acf-k-ip-texte-enrichi anchor-target '>\n\n\t<div class=\"rich-text-container\">\n\t\t<div class=\"rich-text\"><p style=\"text-align: center\"><span class=\"bigtext\" style=\"color: #0077a0\"><strong>THE KIP BEACON<\/strong><\/span><\/p>\n<\/div>\n\t<\/div>\n<\/div>\n\n\n\n<div class=\"wp-block-columns is-layout-flex wp-container-core-columns-is-layout-9d6595d7 wp-block-columns-is-layout-flex\">\n<div class=\"wp-block-column is-layout-flow wp-block-column-is-layout-flow\" style=\"flex-basis:90%\">\n<div id='block_e40394b9bb7c1eadbccb7fe99d6d23cc' class='image-section acf-k-ip-image-responsive anchor-target product-image-animated'>\n\n\t<div class=\"image-container\" style=\"justify-content:start;\n\talign-items:center;\n\tbackground-image:url();\n\tpadding:0px\">\n\t\t\t<img decoding=\"async\" class=\"image-block-mobile\" src=\"https:\/\/api-k.com\/wp-content\/uploads\/2022\/03\/K-IP_DosFace_RVB_HQ-02-e1647938206823.png\" alt=\"\">\n\t\t\t\t<img decoding=\"async\" class=\"image-block\" src=\"https:\/\/api-k.com\/wp-content\/uploads\/2022\/03\/K-IP_DosFace_RVB_HQ-01-3.png\" alt=\"\">\n\t\t<\/div>\n<\/div>\n<\/div>\n\n\n\n<div class=\"wp-block-column padding no-padding-top is-layout-flow wp-block-column-is-layout-flow\" style=\"flex-basis:90%\">\n<div id='block_3561dc6943bc0f941967ed13cd3378fd' class='rich-text-section acf-k-ip-texte-enrichi anchor-target '>\n\n\t<div class=\"rich-text-container\">\n\t\t<div class=\"rich-text\"><p style=\"text-align: center\"><span class=\"mediumtext\"><strong>SECURE YOURSELF AND<br \/>\nREASSURE YOUR LOVED ONES<\/strong><\/span><\/p>\n<p style=\"text-align: center\"><span class=\"mediumtext smalltext\">\ud83c\uddeb\ud83c\uddf7<br \/>\nDesigned and manufactured in France,<br \/>\nin the Alps<br \/>\n<\/span><\/p>\n<\/div>\n\t<\/div>\n<\/div>\n\n\n\n<hr class=\"wp-block-separator has-css-opacity is-style-default\"\/>\n\n\n\n<div id='block_4cde4af4051069ee443065d494e2a4bf' class='rich-text-section acf-k-ip-texte-enrichi anchor-target '>\n\n\t<div class=\"rich-text-container\">\n\t\t<div class=\"rich-text\"><p style=\"text-align: center\"><span class=\"woocommerce-Price-amount amount mediumtext\"><span class=\"woocommerce-Price-currencySymbol\">249\u20ac<\/span><\/span><br \/>\n<span class=\"mediumtext smalltext\">1 year subscription included<br \/>\nTo be used in Europe<\/span><\/p>\n<\/div>\n\t<\/div>\n<\/div>\n\n\n<p class=\"product woocommerce add_to_cart_inline \" style=\"vide\"><a href=\"https:\/\/api-k.com\/produit\/k-ip\/\" data-quantity=\"1\" class=\"button product_type_simple cta-button\" data-product_id=\"1204\" data-product_sku=\"k-ip\" aria-label=\"Read more about &ldquo;Balise KIP&rdquo;\" rel=\"nofollow\" data-success_message=\"\">Read more<\/a><\/p>\n\n\n\n<div style=\"height:20px\" aria-hidden=\"true\" class=\"wp-block-spacer\"><\/div>\n\n\n\n<div class=\"wp-block-columns is-not-stacked-on-mobile is-layout-flex wp-container-core-columns-is-layout-9d6595d7 wp-block-columns-is-layout-flex\">\n<div class=\"wp-block-column is-layout-flow wp-block-column-is-layout-flow\"><div class=\"wp-block-image\">\n<figure class=\"aligncenter size-large is-resized\"><img decoding=\"async\" src=\"https:\/\/api-k.com\/wp-content\/uploads\/2023\/03\/streamlinehq-shipment-give-shipping-delivery-48.svg\" alt=\"\" class=\"wp-image-10642\" width=\"55\"\/><\/figure><\/div>\n\n\n<p class=\"has-text-align-center has-gris-color has-text-color has-small-font-size\">30 days\r\nto test it<\/p>\n<\/div>\n\n\n\n<div class=\"wp-block-column is-layout-flow wp-block-column-is-layout-flow\"><div class=\"wp-block-image\">\n<figure class=\"aligncenter size-large is-resized\"><img decoding=\"async\" src=\"https:\/\/api-k.com\/wp-content\/uploads\/2023\/03\/streamlinehq-shipping-truck-fast-shipping-delivery-48.svg\" alt=\"\" class=\"wp-image-10646\" width=\"55\"\/><\/figure><\/div>\n\n\n<p class=\"has-text-align-center has-gris-color has-text-color has-small-font-size\">Delivered within\r\n4 days<\/p>\n<\/div>\n\n\n\n<div class=\"wp-block-column has-medium-font-size is-layout-flow wp-block-column-is-layout-flow\"><div class=\"wp-block-image\">\n<figure class=\"aligncenter size-large is-resized\"><img decoding=\"async\" src=\"https:\/\/api-k.com\/wp-content\/uploads\/2023\/03\/streamlinehq-shipment-deliver-shipping-delivery-48.svg\" alt=\"\" class=\"wp-image-10638\" width=\"50\"\/><\/figure><\/div>\n\n\n<p class=\"has-text-align-center has-gris-color has-text-color has-small-font-size\">Free\r\nreturns<\/p>\n<\/div>\n\n\n\n<div class=\"wp-block-column is-layout-flow wp-block-column-is-layout-flow\"><div class=\"wp-block-image\">\n<figure class=\"aligncenter size-large is-resized\"><img decoding=\"async\" src=\"https:\/\/api-k.com\/wp-content\/uploads\/2023\/03\/streamlinehq-ranking-stars-ribbon-social-medias-rewards-rating-48.svg\" alt=\"\" class=\"wp-image-10634\" width=\"45\"\/><\/figure><\/div>\n\n\n<p class=\"has-text-align-center has-gris-color has-text-color has-small-font-size\">2 year\r\nwarranty<\/p>\n<\/div>\n<\/div>\n<\/div>\n<\/div>\n\n\n\n<div class=\"wp-block-buttons is-content-justification-center is-layout-flex wp-container-core-buttons-is-layout-16018d1d wp-block-buttons-is-layout-flex\">\n<div class=\"wp-block-button\"><a class=\"wp-block-button__link has-blanc-color has-bleu-background-color has-text-color has-background wp-element-button\" href=\"https:\/\/api-k.com\/en\/the-k-ip-beacon\/\">learn more<\/a><\/div>\n<\/div>\n\n\n\t<\/div>\n\n<\/section>\n\n\n\n<div class=\"wp-block-columns HIDDEN has-blanc-glace-background-color has-background is-layout-flex wp-container-core-columns-is-layout-9d6595d7 wp-block-columns-is-layout-flex\">\n<div class=\"wp-block-column is-layout-flow wp-block-column-is-layout-flow\">\n<div id='block_8126ab5a5343241ce955aa0be18cfc7c' class='rich-text-section acf-k-ip-texte-enrichi anchor-target '>\n\n\t<div class=\"rich-text-container\">\n\t\t<div class=\"rich-text\"><\/div>\n\t<\/div>\n<\/div>\n\n\n\n<div id='block_b4869df1aaf43f5cd227ed425aa0d4d1' class='rich-text-section acf-k-ip-texte-enrichi anchor-target '>\n\n\t<div class=\"rich-text-container\">\n\t\t<div class=\"rich-text\"><p style=\"text-align: center\"><span class=\"smalltext\"><strong>SATISFIED OR REFUNDED!<\/strong><\/span><br \/>\n<span class=\"smalltext\">30 days to test the KIP and adopt it&#8230;<\/span><br \/>\n<span class=\"smalltext\">or to send us a written &amp; postal return*.<\/span><\/p>\n<\/div>\n\t<\/div>\n<\/div>\n<\/div>\n\n\n\n<div class=\"wp-block-column is-layout-flow wp-block-column-is-layout-flow\">\n<div id='block_e7e43b9f8067aa9a46248cf85441e3f1' class='rich-text-section acf-k-ip-texte-enrichi anchor-target '>\n\n\t<div class=\"rich-text-container\">\n\t\t<div class=\"rich-text\"><p style=\"text-align: center\"><span class=\"smalltext\"><strong>YOU ARE A PROFESSIONAL?<\/strong><\/span><br \/>\n<span class=\"smalltext\">contact us directly via <span style=\"text-decoration: underline\"><a href=\"mailto:vel@api-k.com\">vel@api-k.com<\/a><\/span><\/span><br \/>\n<span class=\"smalltext\">to benefit from specific offers and services.<\/span><\/p>\n<\/div>\n\t<\/div>\n<\/div>\n<\/div>\n<\/div>\n\n\n\n<div style=\"height:100px\" aria-hidden=\"true\" class=\"wp-block-spacer\"><\/div>\n\n\n<section id='block_fb13369df72e3c773301f8408de9a36a' class='k-ip-section-content-block acf-k-ip-section-de-contenu anchor-target hidden'>\n\t<div class=\"container-content\" \n\t>\n\t\t\n\n<div id='block_a0ea2e2d9dd46d0b436ed9f4b314bf8a' class='rich-text-section acf-k-ip-texte-enrichi anchor-target '>\n\n\t<div class=\"rich-text-container\">\n\t\t<div class=\"rich-text\"><p style=\"text-align: center\"><strong><span class=\"smalltext\">YOU ARE A PROFESSIONAL?<\/span><\/strong><br \/>\n<span class=\"smalltext\">contact us directly via <span style=\"text-decoration: underline\"><a href=\"mailto:vel@api-k.com\">vel@api-k.com<\/a><\/span><br \/>\nto benefit from specific offers and services<\/span><\/p>\n<p>&nbsp;<\/p>\n<\/div>\n\t<\/div>\n<\/div>\n\n\n\t<\/div>\n\n<\/section>\n\n\n\n<div id='block_8e41f1c9326f34cfba87cfa81f2f40b3' class='rich-text-section acf-k-ip-texte-enrichi anchor-target '>\n\n\t<div class=\"rich-text-container\">\n\t\t<div class=\"rich-text\"><p style=\"text-align: center\"><span class=\"bigtext\" style=\"color: #0077a0\"><strong>ALL OUR PRODUCTS<\/strong><\/span><\/p>\n<\/div>\n\t<\/div>\n<\/div>\n\n\n\n<div style=\"height:30px\" aria-hidden=\"true\" class=\"wp-block-spacer\"><\/div>\n","protected":false},"excerpt":{"rendered":"","protected":false},"author":1,"featured_media":0,"parent":0,"menu_order":0,"comment_status":"closed","ping_status":"closed","template":"","meta":{"inline_featured_image":false,"_monsterinsights_skip_tracking":false,"_monsterinsights_sitenote_active":false,"_monsterinsights_sitenote_note":"","_monsterinsights_sitenote_category":0,"footnotes":""},"class_list":["post-2863","page","type-page","status-publish","hentry"],"acf":[],"aioseo_notices":[],"yoast_head":"<!-- This site is optimized with the Yoast SEO plugin v21.6 - https:\/\/yoast.com\/wordpress\/plugins\/seo\/ -->\n<title>Our e-shop - APIK<\/title>\n<meta name=\"description\" content=\"The K-IP e-shop to adopt the beacon and its accessories to locate and secure your outdoor practices. Order, cart, account, invoices...\" \/>\n<meta name=\"robots\" content=\"index, follow, max-snippet:-1, max-image-preview:large, max-video-preview:-1\" \/>\n<link rel=\"canonical\" href=\"https:\/\/api-k.com\/en\/products-services\/\" \/>\n<meta property=\"og:locale\" content=\"en_US\" \/>\n<meta property=\"og:type\" content=\"article\" \/>\n<meta property=\"og:title\" content=\"Our e-shop - APIK\" \/>\n<meta property=\"og:description\" content=\"The K-IP e-shop to adopt the beacon and its accessories to locate and secure your outdoor practices. Order, cart, account, invoices...\" \/>\n<meta property=\"og:url\" content=\"https:\/\/api-k.com\/en\/products-services\/\" \/>\n<meta property=\"og:site_name\" content=\"APIK\" \/>\n<meta property=\"article:publisher\" content=\"https:\/\/www.facebook.com\/APIKMediaLink\/\" \/>\n<meta property=\"article:modified_time\" content=\"2023-05-15T15:17:54+00:00\" \/>\n<meta property=\"og:image\" content=\"https:\/\/api-k.com\/wp-content\/uploads\/2023\/03\/streamlinehq-shipment-give-shipping-delivery-48.svg\" \/>\n<meta name=\"twitter:card\" content=\"summary_large_image\" \/>\n<meta name=\"twitter:site\" content=\"@APIKsolution\" \/>\n<meta name=\"twitter:label1\" content=\"Est. reading time\" \/>\n\t<meta name=\"twitter:data1\" content=\"1 minute\" \/>\n<script type=\"application\/ld+json\" class=\"yoast-schema-graph\">{\"@context\":\"https:\/\/schema.org\",\"@graph\":[{\"@type\":\"WebPage\",\"@id\":\"https:\/\/api-k.com\/en\/products-services\/\",\"url\":\"https:\/\/api-k.com\/en\/products-services\/\",\"name\":\"Our e-shop - APIK\",\"isPartOf\":{\"@id\":\"https:\/\/api-k.com\/en\/#website\"},\"datePublished\":\"2022-01-11T09:24:24+00:00\",\"dateModified\":\"2023-05-15T15:17:54+00:00\",\"description\":\"The K-IP e-shop to adopt the beacon and its accessories to locate and secure your outdoor practices. Order, cart, account, invoices...\",\"breadcrumb\":{\"@id\":\"https:\/\/api-k.com\/en\/products-services\/#breadcrumb\"},\"inLanguage\":\"en-US\",\"potentialAction\":[{\"@type\":\"ReadAction\",\"target\":[\"https:\/\/api-k.com\/en\/products-services\/\"]}]},{\"@type\":\"BreadcrumbList\",\"@id\":\"https:\/\/api-k.com\/en\/products-services\/#breadcrumb\",\"itemListElement\":[{\"@type\":\"ListItem\",\"position\":1,\"name\":\"Home\",\"item\":\"https:\/\/api-k.com\/en\/\"},{\"@type\":\"ListItem\",\"position\":2,\"name\":\"Our e-shop\"}]},{\"@type\":\"WebSite\",\"@id\":\"https:\/\/api-k.com\/en\/#website\",\"url\":\"https:\/\/api-k.com\/en\/\",\"name\":\"APIK\",\"description\":\"S\u00e9curit\u00e9 &amp; G\u00e9opositionnement\",\"publisher\":{\"@id\":\"https:\/\/api-k.com\/en\/#organization\"},\"potentialAction\":[{\"@type\":\"SearchAction\",\"target\":{\"@type\":\"EntryPoint\",\"urlTemplate\":\"https:\/\/api-k.com\/en\/?s={search_term_string}\"},\"query-input\":\"required name=search_term_string\"}],\"inLanguage\":\"en-US\"},{\"@type\":\"Organization\",\"@id\":\"https:\/\/api-k.com\/en\/#organization\",\"name\":\"K-IP\",\"url\":\"https:\/\/api-k.com\/en\/\",\"logo\":{\"@type\":\"ImageObject\",\"inLanguage\":\"en-US\",\"@id\":\"https:\/\/api-k.com\/en\/#\/schema\/logo\/image\/\",\"url\":\"https:\/\/api-k.com\/wp-content\/uploads\/2021\/12\/Frame-1-1.png\",\"contentUrl\":\"https:\/\/api-k.com\/wp-content\/uploads\/2021\/12\/Frame-1-1.png\",\"width\":329,\"height\":70,\"caption\":\"K-IP\"},\"image\":{\"@id\":\"https:\/\/api-k.com\/en\/#\/schema\/logo\/image\/\"},\"sameAs\":[\"https:\/\/www.facebook.com\/APIKMediaLink\/\",\"https:\/\/twitter.com\/APIKsolution\",\"https:\/\/www.instagram.com\/kip_konnected\/\",\"https:\/\/www.linkedin.com\/company\/api-k\/\"]}]}<\/script>\n<!-- \/ Yoast SEO plugin. -->","yoast_head_json":{"title":"Our e-shop - APIK","description":"The K-IP e-shop to adopt the beacon and its accessories to locate and secure your outdoor practices. Order, cart, account, invoices...","robots":{"index":"index","follow":"follow","max-snippet":"max-snippet:-1","max-image-preview":"max-image-preview:large","max-video-preview":"max-video-preview:-1"},"canonical":"https:\/\/api-k.com\/en\/products-services\/","og_locale":"en_US","og_type":"article","og_title":"Our e-shop - APIK","og_description":"The K-IP e-shop to adopt the beacon and its accessories to locate and secure your outdoor practices. Order, cart, account, invoices...","og_url":"https:\/\/api-k.com\/en\/products-services\/","og_site_name":"APIK","article_publisher":"https:\/\/www.facebook.com\/APIKMediaLink\/","article_modified_time":"2023-05-15T15:17:54+00:00","og_image":[{"url":"https:\/\/api-k.com\/wp-content\/uploads\/2023\/03\/streamlinehq-shipment-give-shipping-delivery-48.svg"}],"twitter_card":"summary_large_image","twitter_site":"@APIKsolution","twitter_misc":{"Est. reading time":"1 minute"},"schema":{"@context":"https:\/\/schema.org","@graph":[{"@type":"WebPage","@id":"https:\/\/api-k.com\/en\/products-services\/","url":"https:\/\/api-k.com\/en\/products-services\/","name":"Our e-shop - APIK","isPartOf":{"@id":"https:\/\/api-k.com\/en\/#website"},"datePublished":"2022-01-11T09:24:24+00:00","dateModified":"2023-05-15T15:17:54+00:00","description":"The K-IP e-shop to adopt the beacon and its accessories to locate and secure your outdoor practices. Order, cart, account, invoices...","breadcrumb":{"@id":"https:\/\/api-k.com\/en\/products-services\/#breadcrumb"},"inLanguage":"en-US","potentialAction":[{"@type":"ReadAction","target":["https:\/\/api-k.com\/en\/products-services\/"]}]},{"@type":"BreadcrumbList","@id":"https:\/\/api-k.com\/en\/products-services\/#breadcrumb","itemListElement":[{"@type":"ListItem","position":1,"name":"Home","item":"https:\/\/api-k.com\/en\/"},{"@type":"ListItem","position":2,"name":"Our e-shop"}]},{"@type":"WebSite","@id":"https:\/\/api-k.com\/en\/#website","url":"https:\/\/api-k.com\/en\/","name":"APIK","description":"S\u00e9curit\u00e9 &amp; G\u00e9opositionnement","publisher":{"@id":"https:\/\/api-k.com\/en\/#organization"},"potentialAction":[{"@type":"SearchAction","target":{"@type":"EntryPoint","urlTemplate":"https:\/\/api-k.com\/en\/?s={search_term_string}"},"query-input":"required name=search_term_string"}],"inLanguage":"en-US"},{"@type":"Organization","@id":"https:\/\/api-k.com\/en\/#organization","name":"K-IP","url":"https:\/\/api-k.com\/en\/","logo":{"@type":"ImageObject","inLanguage":"en-US","@id":"https:\/\/api-k.com\/en\/#\/schema\/logo\/image\/","url":"https:\/\/api-k.com\/wp-content\/uploads\/2021\/12\/Frame-1-1.png","contentUrl":"https:\/\/api-k.com\/wp-content\/uploads\/2021\/12\/Frame-1-1.png","width":329,"height":70,"caption":"K-IP"},"image":{"@id":"https:\/\/api-k.com\/en\/#\/schema\/logo\/image\/"},"sameAs":["https:\/\/www.facebook.com\/APIKMediaLink\/","https:\/\/twitter.com\/APIKsolution","https:\/\/www.instagram.com\/kip_konnected\/","https:\/\/www.linkedin.com\/company\/api-k\/"]}]}},"_links":{"self":[{"href":"https:\/\/api-k.com\/en\/wp-json\/wp\/v2\/pages\/2863","targetHints":{"allow":["GET"]}}],"collection":[{"href":"https:\/\/api-k.com\/en\/wp-json\/wp\/v2\/pages"}],"about":[{"href":"https:\/\/api-k.com\/en\/wp-json\/wp\/v2\/types\/page"}],"author":[{"embeddable":true,"href":"https:\/\/api-k.com\/en\/wp-json\/wp\/v2\/users\/1"}],"replies":[{"embeddable":true,"href":"https:\/\/api-k.com\/en\/wp-json\/wp\/v2\/comments?post=2863"}],"version-history":[{"count":98,"href":"https:\/\/api-k.com\/en\/wp-json\/wp\/v2\/pages\/2863\/revisions"}],"predecessor-version":[{"id":12163,"href":"https:\/\/api-k.com\/en\/wp-json\/wp\/v2\/pages\/2863\/revisions\/12163"}],"wp:attachment":[{"href":"https:\/\/api-k.com\/en\/wp-json\/wp\/v2\/media?parent=2863"}],"curies":[{"name":"wp","href":"https:\/\/api.w.org\/{rel}","templated":true}]}}