{"id":6806,"date":"2022-12-01T11:01:35","date_gmt":"2022-12-01T10:01:35","guid":{"rendered":"https:\/\/api-k.com\/the-journey-of-santa-claus\/"},"modified":"2023-05-15T17:03:37","modified_gmt":"2023-05-15T15:03:37","slug":"the-journey-of-santa-claus","status":"publish","type":"page","link":"https:\/\/api-k.com\/en\/the-journey-of-santa-claus\/","title":{"rendered":"THE JOURNEY OF SANTA CLAUS"},"content":{"rendered":"\n<div id='couverture-kip' class='rich-text-section acf-k-ip-texte-enrichi anchor-target '>\n\n\t<div class=\"rich-text-container\">\n\t\t<div class=\"rich-text\"><p style=\"text-align: center\"><span style=\"color: #ff7a00\"><strong><span class=\"bigtext\">\u00a0\ud83c\udf81\ud83c\udf32 THE JOURNEY OF SANTA CLAUS \ud83c\udf85\ud83c\udffd\ud83c\udfd4<br \/>\n<\/span><\/strong><\/span><\/p>\n<\/div>\n\t<\/div>\n<\/div>\n\n<div class=\"wp-block-group has-blanc-glace-background-color has-background\"><div class=\"wp-block-group__inner-container is-layout-flow wp-block-group-is-layout-flow\"><\/div><\/div>\r\n\n<div class=\"wp-block-columns is-layout-flex wp-container-core-columns-is-layout-9d6595d7 wp-block-columns-is-layout-flex\">\n<div class=\"wp-block-column has-blanc-background-color has-background is-layout-flow wp-block-column-is-layout-flow\">\n<p class=\"has-blanc-background-color has-background\">Santa Claus, with a playful and merry soul, has decided to leave Lapland to climb the most beautiful peaks in the world, right before the annual distribution of gifts.&#13;\nThanks to K-IP, Santa will be followed by Mrs. Claus and all the elves of the Great North.&#13;\n&#13;\nWhere is Santa today?<\/p>\n<\/div>\n<\/div>\n\n<div id='block_294529bca564f8136a4ddb62c5e6de93' class='k-ip-network-coverage-map k-ip-network-coverage-map--sixteen-tenths acf-k-ip-carte-couverture-reseau-noel anchor-target '>\n\t<div class=\"k-ip-network-coverage-map__map-container\">\n\t\t<iframe class=\"k-ip-network-coverage-map__iframe\" src=\"https:\/\/noel2022.api-k.com\/\" frameborder=\"0\"><\/iframe>\n\t<\/div>\n<\/div>\n\r\n<div id='block_fdbfc44f8199e88b632fa3442eaff8be' class='cta-background-image-block full-width  acf-k-ip-cta-avec-image-en-fond anchor-target alignfull '>\r\n\t<div class=\"cta-background-image-container\" style=\"justify-content:center;align-items:\">\r\n\t\t<img decoding=\"async\" src=\"https:\/\/api-k.com\/wp-content\/uploads\/2022\/12\/k-ip-vtt-2_xmass-01.png\" alt=\"\" class=\"cta-background-image\">\r\n\t\t<div class=\"cta-background-image-content-container\" >\r\n\t\t\t<div class=\"cta-background-image-title\">KIP ENJOYING<\/div>\r\n\t\t\t<a href=\"https:\/\/api-k.com\/produits-services\/\" class=\"cta-background-image-button\">\r\n\t\t\t\tGET THE KIP! \t\t\t\t\t\t\t<\/a>\r\n\t\t<\/div>\r\n\t<\/div>\r\n<\/div>\r\n","protected":false},"excerpt":{"rendered":"<p>Santa Claus, with a playful and merry soul, has decided to leave Lapland to climb the most beautiful peaks in the world, right before the annual distribution of gifts.&#13; Thanks to K-IP, Santa will be followed by Mrs. Claus and all the elves of the Great North.&#13; &#13; Where is Santa today?<\/p>\n","protected":false},"author":18,"featured_media":0,"parent":0,"menu_order":0,"comment_status":"closed","ping_status":"closed","template":"","meta":{"inline_featured_image":false,"_monsterinsights_skip_tracking":false,"_monsterinsights_sitenote_active":false,"_monsterinsights_sitenote_note":"","_monsterinsights_sitenote_category":0,"footnotes":""},"class_list":["post-6806","page","type-page","status-publish","hentry"],"acf":[],"aioseo_notices":[],"yoast_head":"<!-- This site is optimized with the Yoast SEO plugin v21.6 - https:\/\/yoast.com\/wordpress\/plugins\/seo\/ -->\n<title>THE JOURNEY OF SANTA CLAUS - APIK<\/title>\n<meta name=\"robots\" content=\"index, follow, max-snippet:-1, max-image-preview:large, max-video-preview:-1\" \/>\n<link rel=\"canonical\" href=\"https:\/\/api-k.com\/en\/the-journey-of-santa-claus\/\" \/>\n<meta property=\"og:locale\" content=\"en_US\" \/>\n<meta property=\"og:type\" content=\"article\" \/>\n<meta property=\"og:title\" content=\"THE JOURNEY OF SANTA CLAUS - APIK\" \/>\n<meta property=\"og:description\" content=\"Santa Claus, with a playful and merry soul, has decided to leave Lapland to climb the most beautiful peaks in the world, right before the annual distribution of gifts.&#013; Thanks to K-IP, Santa will be followed by Mrs. Claus and all the elves of the Great North.&#013; &#013; Where is Santa today?\" \/>\n<meta property=\"og:url\" content=\"https:\/\/api-k.com\/en\/the-journey-of-santa-claus\/\" \/>\n<meta property=\"og:site_name\" content=\"APIK\" \/>\n<meta property=\"article:publisher\" content=\"https:\/\/www.facebook.com\/APIKMediaLink\/\" \/>\n<meta property=\"article:modified_time\" content=\"2023-05-15T15:03:37+00:00\" \/>\n<meta property=\"og:image\" content=\"https:\/\/api-k.com\/wp-content\/uploads\/2021\/12\/Fichier-2-1.png\" \/>\n\t<meta property=\"og:image:width\" content=\"366\" \/>\n\t<meta property=\"og:image:height\" content=\"204\" \/>\n\t<meta property=\"og:image:type\" content=\"image\/png\" \/>\n<meta name=\"twitter:card\" content=\"summary_large_image\" \/>\n<meta name=\"twitter:site\" content=\"@APIKsolution\" \/>\n<script type=\"application\/ld+json\" class=\"yoast-schema-graph\">{\"@context\":\"https:\/\/schema.org\",\"@graph\":[{\"@type\":\"WebPage\",\"@id\":\"https:\/\/api-k.com\/en\/the-journey-of-santa-claus\/\",\"url\":\"https:\/\/api-k.com\/en\/the-journey-of-santa-claus\/\",\"name\":\"THE JOURNEY OF SANTA CLAUS - APIK\",\"isPartOf\":{\"@id\":\"https:\/\/api-k.com\/en\/#website\"},\"datePublished\":\"2022-12-01T10:01:35+00:00\",\"dateModified\":\"2023-05-15T15:03:37+00:00\",\"breadcrumb\":{\"@id\":\"https:\/\/api-k.com\/en\/the-journey-of-santa-claus\/#breadcrumb\"},\"inLanguage\":\"en-US\",\"potentialAction\":[{\"@type\":\"ReadAction\",\"target\":[\"https:\/\/api-k.com\/en\/the-journey-of-santa-claus\/\"]}]},{\"@type\":\"BreadcrumbList\",\"@id\":\"https:\/\/api-k.com\/en\/the-journey-of-santa-claus\/#breadcrumb\",\"itemListElement\":[{\"@type\":\"ListItem\",\"position\":1,\"name\":\"Home\",\"item\":\"https:\/\/api-k.com\/en\/\"},{\"@type\":\"ListItem\",\"position\":2,\"name\":\"THE JOURNEY OF SANTA CLAUS\"}]},{\"@type\":\"WebSite\",\"@id\":\"https:\/\/api-k.com\/en\/#website\",\"url\":\"https:\/\/api-k.com\/en\/\",\"name\":\"APIK\",\"description\":\"S\u00e9curit\u00e9 &amp; G\u00e9opositionnement\",\"publisher\":{\"@id\":\"https:\/\/api-k.com\/en\/#organization\"},\"potentialAction\":[{\"@type\":\"SearchAction\",\"target\":{\"@type\":\"EntryPoint\",\"urlTemplate\":\"https:\/\/api-k.com\/en\/?s={search_term_string}\"},\"query-input\":\"required name=search_term_string\"}],\"inLanguage\":\"en-US\"},{\"@type\":\"Organization\",\"@id\":\"https:\/\/api-k.com\/en\/#organization\",\"name\":\"K-IP\",\"url\":\"https:\/\/api-k.com\/en\/\",\"logo\":{\"@type\":\"ImageObject\",\"inLanguage\":\"en-US\",\"@id\":\"https:\/\/api-k.com\/en\/#\/schema\/logo\/image\/\",\"url\":\"https:\/\/api-k.com\/wp-content\/uploads\/2021\/12\/Frame-1-1.png\",\"contentUrl\":\"https:\/\/api-k.com\/wp-content\/uploads\/2021\/12\/Frame-1-1.png\",\"width\":329,\"height\":70,\"caption\":\"K-IP\"},\"image\":{\"@id\":\"https:\/\/api-k.com\/en\/#\/schema\/logo\/image\/\"},\"sameAs\":[\"https:\/\/www.facebook.com\/APIKMediaLink\/\",\"https:\/\/twitter.com\/APIKsolution\",\"https:\/\/www.instagram.com\/kip_konnected\/\",\"https:\/\/www.linkedin.com\/company\/api-k\/\"]}]}<\/script>\n<!-- \/ Yoast SEO plugin. -->","yoast_head_json":{"title":"THE JOURNEY OF SANTA CLAUS - APIK","robots":{"index":"index","follow":"follow","max-snippet":"max-snippet:-1","max-image-preview":"max-image-preview:large","max-video-preview":"max-video-preview:-1"},"canonical":"https:\/\/api-k.com\/en\/the-journey-of-santa-claus\/","og_locale":"en_US","og_type":"article","og_title":"THE JOURNEY OF SANTA CLAUS - APIK","og_description":"Santa Claus, with a playful and merry soul, has decided to leave Lapland to climb the most beautiful peaks in the world, right before the annual distribution of gifts.&#13; Thanks to K-IP, Santa will be followed by Mrs. Claus and all the elves of the Great North.&#13; &#13; Where is Santa today?","og_url":"https:\/\/api-k.com\/en\/the-journey-of-santa-claus\/","og_site_name":"APIK","article_publisher":"https:\/\/www.facebook.com\/APIKMediaLink\/","article_modified_time":"2023-05-15T15:03:37+00:00","og_image":[{"width":366,"height":204,"url":"https:\/\/api-k.com\/wp-content\/uploads\/2021\/12\/Fichier-2-1.png","type":"image\/png"}],"twitter_card":"summary_large_image","twitter_site":"@APIKsolution","schema":{"@context":"https:\/\/schema.org","@graph":[{"@type":"WebPage","@id":"https:\/\/api-k.com\/en\/the-journey-of-santa-claus\/","url":"https:\/\/api-k.com\/en\/the-journey-of-santa-claus\/","name":"THE JOURNEY OF SANTA CLAUS - APIK","isPartOf":{"@id":"https:\/\/api-k.com\/en\/#website"},"datePublished":"2022-12-01T10:01:35+00:00","dateModified":"2023-05-15T15:03:37+00:00","breadcrumb":{"@id":"https:\/\/api-k.com\/en\/the-journey-of-santa-claus\/#breadcrumb"},"inLanguage":"en-US","potentialAction":[{"@type":"ReadAction","target":["https:\/\/api-k.com\/en\/the-journey-of-santa-claus\/"]}]},{"@type":"BreadcrumbList","@id":"https:\/\/api-k.com\/en\/the-journey-of-santa-claus\/#breadcrumb","itemListElement":[{"@type":"ListItem","position":1,"name":"Home","item":"https:\/\/api-k.com\/en\/"},{"@type":"ListItem","position":2,"name":"THE JOURNEY OF SANTA CLAUS"}]},{"@type":"WebSite","@id":"https:\/\/api-k.com\/en\/#website","url":"https:\/\/api-k.com\/en\/","name":"APIK","description":"S\u00e9curit\u00e9 &amp; G\u00e9opositionnement","publisher":{"@id":"https:\/\/api-k.com\/en\/#organization"},"potentialAction":[{"@type":"SearchAction","target":{"@type":"EntryPoint","urlTemplate":"https:\/\/api-k.com\/en\/?s={search_term_string}"},"query-input":"required name=search_term_string"}],"inLanguage":"en-US"},{"@type":"Organization","@id":"https:\/\/api-k.com\/en\/#organization","name":"K-IP","url":"https:\/\/api-k.com\/en\/","logo":{"@type":"ImageObject","inLanguage":"en-US","@id":"https:\/\/api-k.com\/en\/#\/schema\/logo\/image\/","url":"https:\/\/api-k.com\/wp-content\/uploads\/2021\/12\/Frame-1-1.png","contentUrl":"https:\/\/api-k.com\/wp-content\/uploads\/2021\/12\/Frame-1-1.png","width":329,"height":70,"caption":"K-IP"},"image":{"@id":"https:\/\/api-k.com\/en\/#\/schema\/logo\/image\/"},"sameAs":["https:\/\/www.facebook.com\/APIKMediaLink\/","https:\/\/twitter.com\/APIKsolution","https:\/\/www.instagram.com\/kip_konnected\/","https:\/\/www.linkedin.com\/company\/api-k\/"]}]}},"_links":{"self":[{"href":"https:\/\/api-k.com\/en\/wp-json\/wp\/v2\/pages\/6806","targetHints":{"allow":["GET"]}}],"collection":[{"href":"https:\/\/api-k.com\/en\/wp-json\/wp\/v2\/pages"}],"about":[{"href":"https:\/\/api-k.com\/en\/wp-json\/wp\/v2\/types\/page"}],"author":[{"embeddable":true,"href":"https:\/\/api-k.com\/en\/wp-json\/wp\/v2\/users\/18"}],"replies":[{"embeddable":true,"href":"https:\/\/api-k.com\/en\/wp-json\/wp\/v2\/comments?post=6806"}],"version-history":[{"count":4,"href":"https:\/\/api-k.com\/en\/wp-json\/wp\/v2\/pages\/6806\/revisions"}],"predecessor-version":[{"id":12141,"href":"https:\/\/api-k.com\/en\/wp-json\/wp\/v2\/pages\/6806\/revisions\/12141"}],"wp:attachment":[{"href":"https:\/\/api-k.com\/en\/wp-json\/wp\/v2\/media?parent=6806"}],"curies":[{"name":"wp","href":"https:\/\/api.w.org\/{rel}","templated":true}]}}