{"id":4401,"date":"2022-02-22T15:10:06","date_gmt":"2022-02-22T14:10:06","guid":{"rendered":"https:\/\/api-k.com\/product\/pochette-light\/"},"modified":"2023-05-15T17:27:56","modified_gmt":"2023-05-15T15:27:56","slug":"k-ip-pouch","status":"publish","type":"product","link":"https:\/\/api-k.com\/en\/product\/k-ip-pouch\/","title":{"rendered":"KIP pouch"},"content":{"rendered":"<p>In the air, on foot or on a bike\u2026 your KIP is always with you thanks to its super light and flexible pouch! Hang it on your bag or slip it onto your belt, always keep your KIP within reach!<\/p>\n","protected":false},"excerpt":{"rendered":"<p>Let your KIP beacon along thanks to its light pouch.<\/p>\n","protected":false},"featured_media":2545,"template":"","meta":{"inline_featured_image":false,"_monsterinsights_skip_tracking":false,"_monsterinsights_sitenote_active":false,"_monsterinsights_sitenote_note":"","_monsterinsights_sitenote_category":0},"product_brand":[],"product_cat":[51],"product_tag":[],"class_list":{"0":"post-4401","1":"product","2":"type-product","3":"status-publish","4":"has-post-thumbnail","6":"product_cat-uncategorized-en","8":"first","9":"instock","10":"taxable","11":"shipping-taxable","12":"purchasable","13":"product-type-simple"},"acf":[],"aioseo_notices":[],"yoast_head":"<!-- This site is optimized with the Yoast SEO plugin v21.6 - https:\/\/yoast.com\/wordpress\/plugins\/seo\/ -->\n<title>KIP pouch - APIK<\/title>\n<meta name=\"robots\" content=\"index, follow, max-snippet:-1, max-image-preview:large, max-video-preview:-1\" \/>\n<link rel=\"canonical\" href=\"https:\/\/api-k.com\/en\/product\/k-ip-pouch\/\" \/>\n<meta property=\"og:locale\" content=\"en_US\" \/>\n<meta property=\"og:type\" content=\"article\" \/>\n<meta property=\"og:title\" content=\"KIP pouch - APIK\" \/>\n<meta property=\"og:description\" content=\"Let your KIP beacon along thanks to its light pouch.\" \/>\n<meta property=\"og:url\" content=\"https:\/\/api-k.com\/en\/product\/k-ip-pouch\/\" \/>\n<meta property=\"og:site_name\" content=\"APIK\" \/>\n<meta property=\"article:publisher\" content=\"https:\/\/www.facebook.com\/APIKMediaLink\/\" \/>\n<meta property=\"article:modified_time\" content=\"2023-05-15T15:27:56+00:00\" \/>\n<meta property=\"og:image\" content=\"https:\/\/api-k.com\/wp-content\/uploads\/2022\/02\/20220210_PochetteLightMousqueton2_WEBVIEW-01-e1647938374991.png\" \/>\n\t<meta property=\"og:image:width\" content=\"2180\" \/>\n\t<meta property=\"og:image:height\" content=\"3114\" \/>\n\t<meta property=\"og:image:type\" content=\"image\/png\" \/>\n<meta name=\"twitter:card\" content=\"summary_large_image\" \/>\n<meta name=\"twitter:site\" content=\"@APIKsolution\" \/>\n<meta name=\"twitter:label1\" content=\"Est. reading time\" \/>\n\t<meta name=\"twitter:data1\" content=\"1 minute\" \/>\n<script type=\"application\/ld+json\" class=\"yoast-schema-graph\">{\"@context\":\"https:\/\/schema.org\",\"@graph\":[{\"@type\":\"WebPage\",\"@id\":\"https:\/\/api-k.com\/en\/product\/k-ip-pouch\/\",\"url\":\"https:\/\/api-k.com\/en\/product\/k-ip-pouch\/\",\"name\":\"KIP pouch - APIK\",\"isPartOf\":{\"@id\":\"https:\/\/api-k.com\/en\/#website\"},\"datePublished\":\"2022-02-22T14:10:06+00:00\",\"dateModified\":\"2023-05-15T15:27:56+00:00\",\"breadcrumb\":{\"@id\":\"https:\/\/api-k.com\/en\/product\/k-ip-pouch\/#breadcrumb\"},\"inLanguage\":\"en-US\",\"potentialAction\":[{\"@type\":\"ReadAction\",\"target\":[\"https:\/\/api-k.com\/en\/product\/k-ip-pouch\/\"]}]},{\"@type\":\"BreadcrumbList\",\"@id\":\"https:\/\/api-k.com\/en\/product\/k-ip-pouch\/#breadcrumb\",\"itemListElement\":[{\"@type\":\"ListItem\",\"position\":1,\"name\":\"Home\",\"item\":\"https:\/\/api-k.com\/en\/\"},{\"@type\":\"ListItem\",\"position\":2,\"name\":\"KIP pouch\"}]},{\"@type\":\"WebSite\",\"@id\":\"https:\/\/api-k.com\/en\/#website\",\"url\":\"https:\/\/api-k.com\/en\/\",\"name\":\"APIK\",\"description\":\"S\u00e9curit\u00e9 &amp; G\u00e9opositionnement\",\"publisher\":{\"@id\":\"https:\/\/api-k.com\/en\/#organization\"},\"potentialAction\":[{\"@type\":\"SearchAction\",\"target\":{\"@type\":\"EntryPoint\",\"urlTemplate\":\"https:\/\/api-k.com\/en\/?s={search_term_string}\"},\"query-input\":\"required name=search_term_string\"}],\"inLanguage\":\"en-US\"},{\"@type\":\"Organization\",\"@id\":\"https:\/\/api-k.com\/en\/#organization\",\"name\":\"K-IP\",\"url\":\"https:\/\/api-k.com\/en\/\",\"logo\":{\"@type\":\"ImageObject\",\"inLanguage\":\"en-US\",\"@id\":\"https:\/\/api-k.com\/en\/#\/schema\/logo\/image\/\",\"url\":\"https:\/\/api-k.com\/wp-content\/uploads\/2021\/12\/Frame-1-1.png\",\"contentUrl\":\"https:\/\/api-k.com\/wp-content\/uploads\/2021\/12\/Frame-1-1.png\",\"width\":329,\"height\":70,\"caption\":\"K-IP\"},\"image\":{\"@id\":\"https:\/\/api-k.com\/en\/#\/schema\/logo\/image\/\"},\"sameAs\":[\"https:\/\/www.facebook.com\/APIKMediaLink\/\",\"https:\/\/twitter.com\/APIKsolution\",\"https:\/\/www.instagram.com\/kip_konnected\/\",\"https:\/\/www.linkedin.com\/company\/api-k\/\"]}]}<\/script>\n<!-- \/ Yoast SEO plugin. -->","yoast_head_json":{"title":"KIP pouch - APIK","robots":{"index":"index","follow":"follow","max-snippet":"max-snippet:-1","max-image-preview":"max-image-preview:large","max-video-preview":"max-video-preview:-1"},"canonical":"https:\/\/api-k.com\/en\/product\/k-ip-pouch\/","og_locale":"en_US","og_type":"article","og_title":"KIP pouch - APIK","og_description":"Let your KIP beacon along thanks to its light pouch.","og_url":"https:\/\/api-k.com\/en\/product\/k-ip-pouch\/","og_site_name":"APIK","article_publisher":"https:\/\/www.facebook.com\/APIKMediaLink\/","article_modified_time":"2023-05-15T15:27:56+00:00","og_image":[{"width":2180,"height":3114,"url":"https:\/\/api-k.com\/wp-content\/uploads\/2022\/02\/20220210_PochetteLightMousqueton2_WEBVIEW-01-e1647938374991.png","type":"image\/png"}],"twitter_card":"summary_large_image","twitter_site":"@APIKsolution","twitter_misc":{"Est. reading time":"1 minute"},"schema":{"@context":"https:\/\/schema.org","@graph":[{"@type":"WebPage","@id":"https:\/\/api-k.com\/en\/product\/k-ip-pouch\/","url":"https:\/\/api-k.com\/en\/product\/k-ip-pouch\/","name":"KIP pouch - APIK","isPartOf":{"@id":"https:\/\/api-k.com\/en\/#website"},"datePublished":"2022-02-22T14:10:06+00:00","dateModified":"2023-05-15T15:27:56+00:00","breadcrumb":{"@id":"https:\/\/api-k.com\/en\/product\/k-ip-pouch\/#breadcrumb"},"inLanguage":"en-US","potentialAction":[{"@type":"ReadAction","target":["https:\/\/api-k.com\/en\/product\/k-ip-pouch\/"]}]},{"@type":"BreadcrumbList","@id":"https:\/\/api-k.com\/en\/product\/k-ip-pouch\/#breadcrumb","itemListElement":[{"@type":"ListItem","position":1,"name":"Home","item":"https:\/\/api-k.com\/en\/"},{"@type":"ListItem","position":2,"name":"KIP pouch"}]},{"@type":"WebSite","@id":"https:\/\/api-k.com\/en\/#website","url":"https:\/\/api-k.com\/en\/","name":"APIK","description":"S\u00e9curit\u00e9 &amp; G\u00e9opositionnement","publisher":{"@id":"https:\/\/api-k.com\/en\/#organization"},"potentialAction":[{"@type":"SearchAction","target":{"@type":"EntryPoint","urlTemplate":"https:\/\/api-k.com\/en\/?s={search_term_string}"},"query-input":"required name=search_term_string"}],"inLanguage":"en-US"},{"@type":"Organization","@id":"https:\/\/api-k.com\/en\/#organization","name":"K-IP","url":"https:\/\/api-k.com\/en\/","logo":{"@type":"ImageObject","inLanguage":"en-US","@id":"https:\/\/api-k.com\/en\/#\/schema\/logo\/image\/","url":"https:\/\/api-k.com\/wp-content\/uploads\/2021\/12\/Frame-1-1.png","contentUrl":"https:\/\/api-k.com\/wp-content\/uploads\/2021\/12\/Frame-1-1.png","width":329,"height":70,"caption":"K-IP"},"image":{"@id":"https:\/\/api-k.com\/en\/#\/schema\/logo\/image\/"},"sameAs":["https:\/\/www.facebook.com\/APIKMediaLink\/","https:\/\/twitter.com\/APIKsolution","https:\/\/www.instagram.com\/kip_konnected\/","https:\/\/www.linkedin.com\/company\/api-k\/"]}]}},"_links":{"self":[{"href":"https:\/\/api-k.com\/en\/wp-json\/wp\/v2\/product\/4401","targetHints":{"allow":["GET"]}}],"collection":[{"href":"https:\/\/api-k.com\/en\/wp-json\/wp\/v2\/product"}],"about":[{"href":"https:\/\/api-k.com\/en\/wp-json\/wp\/v2\/types\/product"}],"wp:featuredmedia":[{"embeddable":true,"href":"https:\/\/api-k.com\/en\/wp-json\/wp\/v2\/media\/2545"}],"wp:attachment":[{"href":"https:\/\/api-k.com\/en\/wp-json\/wp\/v2\/media?parent=4401"}],"wp:term":[{"taxonomy":"product_brand","embeddable":true,"href":"https:\/\/api-k.com\/en\/wp-json\/wp\/v2\/product_brand?post=4401"},{"taxonomy":"product_cat","embeddable":true,"href":"https:\/\/api-k.com\/en\/wp-json\/wp\/v2\/product_cat?post=4401"},{"taxonomy":"product_tag","embeddable":true,"href":"https:\/\/api-k.com\/en\/wp-json\/wp\/v2\/product_tag?post=4401"}],"curies":[{"name":"wp","href":"https:\/\/api.w.org\/{rel}","templated":true}]}}