{"id":4403,"date":"2022-01-12T12:53:13","date_gmt":"2022-01-12T11:53:13","guid":{"rendered":"https:\/\/api-k.com\/product\/pochette\/"},"modified":"2025-08-19T20:09:35","modified_gmt":"2025-08-19T18:09:35","slug":"k-ip-case","status":"publish","type":"product","link":"https:\/\/api-k.com\/en\/product\/k-ip-case\/","title":{"rendered":"KIP case"},"content":{"rendered":"<p>Out in the rain or pow? Make your KIP 100% waterproof with its adapted carrying case. Hang it anywhere for better ergonomics and easy access. Its attachment is useful to prevent it from falling and its glow in the dark details are helpful at night!<\/p>\n","protected":false},"excerpt":{"rendered":"<p>Make your KIP 100% waterproof and fixable everywhere with this pouch.<\/p>\n","protected":false},"featured_media":3793,"template":"","meta":{"inline_featured_image":false,"_monsterinsights_skip_tracking":false,"_monsterinsights_sitenote_active":false,"_monsterinsights_sitenote_note":"","_monsterinsights_sitenote_category":0},"product_brand":[],"product_cat":[51],"product_tag":[],"class_list":{"0":"post-4403","1":"product","2":"type-product","3":"status-publish","4":"has-post-thumbnail","6":"product_cat-uncategorized-en","8":"first","9":"instock","10":"taxable","11":"shipping-taxable","12":"purchasable","13":"product-type-simple"},"acf":[],"aioseo_notices":[],"yoast_head":"<!-- This site is optimized with the Yoast SEO plugin v21.6 - https:\/\/yoast.com\/wordpress\/plugins\/seo\/ -->\n<title>KIP case - APIK<\/title>\n<meta name=\"robots\" content=\"index, follow, max-snippet:-1, max-image-preview:large, max-video-preview:-1\" \/>\n<link rel=\"canonical\" href=\"https:\/\/api-k.com\/en\/product\/k-ip-case\/\" \/>\n<meta property=\"og:locale\" content=\"en_US\" \/>\n<meta property=\"og:type\" content=\"article\" \/>\n<meta property=\"og:title\" content=\"KIP case - APIK\" \/>\n<meta property=\"og:description\" content=\"Make your KIP 100% waterproof and fixable everywhere with this pouch.\" \/>\n<meta property=\"og:url\" content=\"https:\/\/api-k.com\/en\/product\/k-ip-case\/\" \/>\n<meta property=\"og:site_name\" content=\"APIK\" \/>\n<meta property=\"article:publisher\" content=\"https:\/\/www.facebook.com\/APIKMediaLink\/\" \/>\n<meta property=\"article:modified_time\" content=\"2025-08-19T18:09:35+00:00\" \/>\n<meta property=\"og:image\" content=\"https:\/\/api-k.com\/wp-content\/uploads\/2022\/01\/Pochette-E\u0301tanche_Compo_DIY_RVB_LD-1.png\" \/>\n\t<meta property=\"og:image:width\" content=\"720\" \/>\n\t<meta property=\"og:image:height\" content=\"1029\" \/>\n\t<meta property=\"og:image:type\" content=\"image\/png\" \/>\n<meta name=\"twitter:card\" content=\"summary_large_image\" \/>\n<meta name=\"twitter:site\" content=\"@APIKsolution\" \/>\n<meta name=\"twitter:label1\" content=\"Est. reading time\" \/>\n\t<meta name=\"twitter:data1\" content=\"1 minute\" \/>\n<script type=\"application\/ld+json\" class=\"yoast-schema-graph\">{\"@context\":\"https:\/\/schema.org\",\"@graph\":[{\"@type\":\"WebPage\",\"@id\":\"https:\/\/api-k.com\/en\/product\/k-ip-case\/\",\"url\":\"https:\/\/api-k.com\/en\/product\/k-ip-case\/\",\"name\":\"KIP case - APIK\",\"isPartOf\":{\"@id\":\"https:\/\/api-k.com\/en\/#website\"},\"datePublished\":\"2022-01-12T11:53:13+00:00\",\"dateModified\":\"2025-08-19T18:09:35+00:00\",\"breadcrumb\":{\"@id\":\"https:\/\/api-k.com\/en\/product\/k-ip-case\/#breadcrumb\"},\"inLanguage\":\"en-US\",\"potentialAction\":[{\"@type\":\"ReadAction\",\"target\":[\"https:\/\/api-k.com\/en\/product\/k-ip-case\/\"]}]},{\"@type\":\"BreadcrumbList\",\"@id\":\"https:\/\/api-k.com\/en\/product\/k-ip-case\/#breadcrumb\",\"itemListElement\":[{\"@type\":\"ListItem\",\"position\":1,\"name\":\"Home\",\"item\":\"https:\/\/api-k.com\/en\/\"},{\"@type\":\"ListItem\",\"position\":2,\"name\":\"KIP case\"}]},{\"@type\":\"WebSite\",\"@id\":\"https:\/\/api-k.com\/en\/#website\",\"url\":\"https:\/\/api-k.com\/en\/\",\"name\":\"APIK\",\"description\":\"S\u00e9curit\u00e9 &amp; G\u00e9opositionnement\",\"publisher\":{\"@id\":\"https:\/\/api-k.com\/en\/#organization\"},\"potentialAction\":[{\"@type\":\"SearchAction\",\"target\":{\"@type\":\"EntryPoint\",\"urlTemplate\":\"https:\/\/api-k.com\/en\/?s={search_term_string}\"},\"query-input\":\"required name=search_term_string\"}],\"inLanguage\":\"en-US\"},{\"@type\":\"Organization\",\"@id\":\"https:\/\/api-k.com\/en\/#organization\",\"name\":\"K-IP\",\"url\":\"https:\/\/api-k.com\/en\/\",\"logo\":{\"@type\":\"ImageObject\",\"inLanguage\":\"en-US\",\"@id\":\"https:\/\/api-k.com\/en\/#\/schema\/logo\/image\/\",\"url\":\"https:\/\/api-k.com\/wp-content\/uploads\/2021\/12\/Frame-1-1.png\",\"contentUrl\":\"https:\/\/api-k.com\/wp-content\/uploads\/2021\/12\/Frame-1-1.png\",\"width\":329,\"height\":70,\"caption\":\"K-IP\"},\"image\":{\"@id\":\"https:\/\/api-k.com\/en\/#\/schema\/logo\/image\/\"},\"sameAs\":[\"https:\/\/www.facebook.com\/APIKMediaLink\/\",\"https:\/\/twitter.com\/APIKsolution\",\"https:\/\/www.instagram.com\/kip_konnected\/\",\"https:\/\/www.linkedin.com\/company\/api-k\/\"]}]}<\/script>\n<!-- \/ Yoast SEO plugin. -->","yoast_head_json":{"title":"KIP case - APIK","robots":{"index":"index","follow":"follow","max-snippet":"max-snippet:-1","max-image-preview":"max-image-preview:large","max-video-preview":"max-video-preview:-1"},"canonical":"https:\/\/api-k.com\/en\/product\/k-ip-case\/","og_locale":"en_US","og_type":"article","og_title":"KIP case - APIK","og_description":"Make your KIP 100% waterproof and fixable everywhere with this pouch.","og_url":"https:\/\/api-k.com\/en\/product\/k-ip-case\/","og_site_name":"APIK","article_publisher":"https:\/\/www.facebook.com\/APIKMediaLink\/","article_modified_time":"2025-08-19T18:09:35+00:00","og_image":[{"width":720,"height":1029,"url":"https:\/\/api-k.com\/wp-content\/uploads\/2022\/01\/Pochette-E\u0301tanche_Compo_DIY_RVB_LD-1.png","type":"image\/png"}],"twitter_card":"summary_large_image","twitter_site":"@APIKsolution","twitter_misc":{"Est. reading time":"1 minute"},"schema":{"@context":"https:\/\/schema.org","@graph":[{"@type":"WebPage","@id":"https:\/\/api-k.com\/en\/product\/k-ip-case\/","url":"https:\/\/api-k.com\/en\/product\/k-ip-case\/","name":"KIP case - APIK","isPartOf":{"@id":"https:\/\/api-k.com\/en\/#website"},"datePublished":"2022-01-12T11:53:13+00:00","dateModified":"2025-08-19T18:09:35+00:00","breadcrumb":{"@id":"https:\/\/api-k.com\/en\/product\/k-ip-case\/#breadcrumb"},"inLanguage":"en-US","potentialAction":[{"@type":"ReadAction","target":["https:\/\/api-k.com\/en\/product\/k-ip-case\/"]}]},{"@type":"BreadcrumbList","@id":"https:\/\/api-k.com\/en\/product\/k-ip-case\/#breadcrumb","itemListElement":[{"@type":"ListItem","position":1,"name":"Home","item":"https:\/\/api-k.com\/en\/"},{"@type":"ListItem","position":2,"name":"KIP case"}]},{"@type":"WebSite","@id":"https:\/\/api-k.com\/en\/#website","url":"https:\/\/api-k.com\/en\/","name":"APIK","description":"S\u00e9curit\u00e9 &amp; G\u00e9opositionnement","publisher":{"@id":"https:\/\/api-k.com\/en\/#organization"},"potentialAction":[{"@type":"SearchAction","target":{"@type":"EntryPoint","urlTemplate":"https:\/\/api-k.com\/en\/?s={search_term_string}"},"query-input":"required name=search_term_string"}],"inLanguage":"en-US"},{"@type":"Organization","@id":"https:\/\/api-k.com\/en\/#organization","name":"K-IP","url":"https:\/\/api-k.com\/en\/","logo":{"@type":"ImageObject","inLanguage":"en-US","@id":"https:\/\/api-k.com\/en\/#\/schema\/logo\/image\/","url":"https:\/\/api-k.com\/wp-content\/uploads\/2021\/12\/Frame-1-1.png","contentUrl":"https:\/\/api-k.com\/wp-content\/uploads\/2021\/12\/Frame-1-1.png","width":329,"height":70,"caption":"K-IP"},"image":{"@id":"https:\/\/api-k.com\/en\/#\/schema\/logo\/image\/"},"sameAs":["https:\/\/www.facebook.com\/APIKMediaLink\/","https:\/\/twitter.com\/APIKsolution","https:\/\/www.instagram.com\/kip_konnected\/","https:\/\/www.linkedin.com\/company\/api-k\/"]}]}},"_links":{"self":[{"href":"https:\/\/api-k.com\/en\/wp-json\/wp\/v2\/product\/4403","targetHints":{"allow":["GET"]}}],"collection":[{"href":"https:\/\/api-k.com\/en\/wp-json\/wp\/v2\/product"}],"about":[{"href":"https:\/\/api-k.com\/en\/wp-json\/wp\/v2\/types\/product"}],"wp:featuredmedia":[{"embeddable":true,"href":"https:\/\/api-k.com\/en\/wp-json\/wp\/v2\/media\/3793"}],"wp:attachment":[{"href":"https:\/\/api-k.com\/en\/wp-json\/wp\/v2\/media?parent=4403"}],"wp:term":[{"taxonomy":"product_brand","embeddable":true,"href":"https:\/\/api-k.com\/en\/wp-json\/wp\/v2\/product_brand?post=4403"},{"taxonomy":"product_cat","embeddable":true,"href":"https:\/\/api-k.com\/en\/wp-json\/wp\/v2\/product_cat?post=4403"},{"taxonomy":"product_tag","embeddable":true,"href":"https:\/\/api-k.com\/en\/wp-json\/wp\/v2\/product_tag?post=4403"}],"curies":[{"name":"wp","href":"https:\/\/api.w.org\/{rel}","templated":true}]}}